{"id":33580,"date":"2022-01-26T08:31:09","date_gmt":"2022-01-26T10:31:09","guid":{"rendered":"https:\/\/governance.lt\/apie-imones\/mazumos-svi\/"},"modified":"2026-02-20T14:22:14","modified_gmt":"2026-02-20T11:22:14","slug":"mazumos-svi","status":"publish","type":"page","link":"https:\/\/governance.lt\/en\/apie-imones\/mazumos-svi\/","title":{"rendered":"Minority MOEs"},"content":{"rendered":"<div class=\"wpb-content-wrapper\"><p>[vc_row][vc_column][vc_row_inner][vc_column_inner width=&#8221;1\/2&#8243;][vc_column_text css=&#8221;&#8221;]<\/p>\n<p style=\"text-align: justify;\">This list provides information on companies in which the State, through its representative institutions \u2013 municipalities \u2013 holds less than 50% of the shares.<\/p>\n<p style=\"text-align: justify;\">As of 19 February 2026, there are 19 such companies in which municipalities are shareholders. In total, 20 municipalities hold shares in one or more companies. The largest number \u2013 eleven municipalities \u2013 participate in the governance of UAB \u201cToksika.\u201d<\/p>\n<p style=\"text-align: justify;\">Detailed information can be found in the attached document available for download.<\/p>\n<p>[\/vc_column_text][\/vc_column_inner][vc_column_inner width=&#8221;1\/2&#8243;][vc_column_text css=&#8221;&#8221;]<a class=\"download-shotcode-wrapper downloadexcel-shotcode-wrapper\" href=\"https:\/\/governance.lt\/wp-content\/uploads\/2026\/02\/Mazumos_SVI_2026_02.xlsx\" target=\"_blank\">Minority MOEs<\/a>[\/vc_column_text][\/vc_column_inner][\/vc_row_inner][\/vc_column][\/vc_row][vc_row][vc_column width=&#8221;1\/2&#8243;][vc_round_chart type=&#8221;doughnut&#8221; style=&#8221;modern&#8221; stroke_width=&#8221;5&#8243; legend_position=&#8221;bottom&#8221; values=&#8221;%5B%7B%22title%22%3A%22Vilniaus%20miesto%20savivaldyb%C4%97%20-%202%2C23%25%22%2C%22value%22%3A%222.23%22%2C%22color%22%3A%22blue%22%7D%2C%7B%22title%22%3A%22Alytaus%20miesto%20savivaldyb%C4%97%20-%200%2C99%25%22%2C%22value%22%3A%220.99%22%2C%22color%22%3A%22turquoise%22%7D%2C%7B%22title%22%3A%22Akmen%C4%97s%20rajono%20savivaldyb%C4%97%20-%200%2C04%25%22%2C%22value%22%3A%220%2C04%25%22%2C%22color%22%3A%22pink%22%2C%22custom_color%22%3A%22%2358b9da%22%7D%2C%7B%22title%22%3A%22%C5%A0iauli%C5%B3%20miesto%20savivaldyb%C4%97%20-%200%2C21%25%22%2C%22value%22%3A%220%2C21%25%22%2C%22color%22%3A%22violet%22%2C%22custom_color%22%3A%22%23f79468%22%7D%2C%7B%22title%22%3A%22Var%C4%97nos%20rajono%20savivaldyb%C4%97%20-%200%2C11%25%22%2C%22value%22%3A%220%2C11%25%22%2C%22color%22%3A%22peacoc%22%2C%22custom_color%22%3A%22%23ff675b%22%7D%2C%7B%22title%22%3A%22Druskinink%C5%B3%20savivaldyb%C4%97%20-%200%2C11%25%22%2C%22value%22%3A%220%2C11%25%22%2C%22color%22%3A%22chino%22%2C%22custom_color%22%3A%22%23fe6c61%22%7D%2C%7B%22title%22%3A%22Alytaus%20rajono%20savivaldyb%C4%97%20-%200%2C10%25%22%2C%22value%22%3A%220%2C10%25%22%2C%22color%22%3A%22mulled-wine%22%2C%22custom_color%22%3A%22%23f79468%22%7D%2C%7B%22title%22%3A%22%C5%A0iauli%C5%B3%20rajono%20savivaldyb%C4%97%20-%200%2C09%25%22%2C%22value%22%3A%220%2C09%25%22%2C%22color%22%3A%22vista-blue%22%2C%22custom_color%22%3A%22%2300c1cf%22%7D%2C%7B%22title%22%3A%22Tel%C5%A1i%C5%B3%20rajono%20savivaldyb%C4%97%20-%200%2C01%25%22%2C%22value%22%3A%220%2C01%25%22%2C%22color%22%3A%22black%22%2C%22custom_color%22%3A%22%23f7f7f7%22%7D%2C%7B%22title%22%3A%22Joni%C5%A1kio%20rajono%20savivaldyb%C4%97%20-%200%2C01%25%22%2C%22value%22%3A%220%2C01%25%22%2C%22color%22%3A%22grey%22%2C%22custom_color%22%3A%22%23f79468%22%7D%2C%7B%22title%22%3A%22Plung%C4%97s%20rajono%20savivaldyb%C4%97%20-%20%200%2C004%25%22%2C%22value%22%3A%220%2C004%25%22%2C%22color%22%3A%22orange%22%2C%22custom_color%22%3A%22%230088cc%22%7D%5D&#8221; animation=&#8221;easeOutBounce&#8221; css=&#8221;.vc_custom_1771585164905{margin-left: % !important;}&#8221; title=&#8221;Municipal Shareholding Structure of UAB \u201cToksika\u201d&#8221; el_class=&#8221;my-decimal-chart&#8221;][\/vc_column][vc_column width=&#8221;1\/2&#8243;][vc_line_chart style=&#8221;modern&#8221; x_values=&#8221;Bir\u017e\u0173 rajono savivaldyb\u0117, UAB Bir\u017e\u0173 but\u0173 \u016bkis; Bir\u017e\u0173 rajono savivaldyb\u0117, UAB Bir\u017e\u0173 komunalinis \u016bkis; Joni\u0161kio rajono savivaldyb\u0117, UAB \u201eGren Joni\u0161kis&#8220;; Kai\u0161iadori\u0173 rajono savivaldyb\u0117, UAB ,,Kai\u0161iadori\u0173 but\u0173 \u016bkis&#8220;; Marijampol\u0117s rajono savivaldyb\u0117, UAB \u201eKelranga\u201c; Ma\u017eeiki\u0173 rajono savivaldyb\u0117, UAB ,,Elotus\u201c; Plung\u0117s rajono savivaldyb\u0117, UAB Als\u0117d\u017ei\u0173 vaistin\u0117; \u0160ven\u010dioni\u0173 rajono savivaldyb\u0117, UAB ,,Gren \u0160ven\u010dionys\u201d; Visagino savivaldyb\u0117, UAB ,,Agurk\u0117lis&#8220;;&#8221; values=&#8221;%5B%7B%22title%22%3A%22Suapvalinta%20savivaldybei%20priklausanti%20dalis%20(%25)%22%2C%22y_values%22%3A%2240%3B%2034%3B%2034%3B%2016%3B%2046%3B%2019%3B%2011%3B%2050%3B%2040%3B%22%2C%22color%22%3A%22turquoise%22%7D%5D&#8221; animation=&#8221;easeOutElastic&#8221; css=&#8221;&#8221; title=&#8221;Municipalities with Shareholdings Exceeding 10%&#8221;][\/vc_column][\/vc_row][vc_row][vc_column width=&#8221;1\/2&#8243;][\/vc_column][vc_column width=&#8221;1\/2&#8243;][\/vc_column][\/vc_row]<\/p>\n<\/div>","protected":false},"excerpt":{"rendered":"<p>[vc_row][vc_column][vc_row_inner][vc_column_inner width=&#8221;1\/2&#8243;][vc_column_text css=&#8221;&#8221;] This list provides information on companies in which the State, through its representative institutions \u2013 municipalities \u2013 holds less than 50% of the shares. As of 19 February 2026, there are 19 such companies in which municipalities are shareholders. In total, 20 municipalities hold shares in one or more companies. The largest [&hellip;]<\/p>\n","protected":false},"author":14,"featured_media":0,"parent":10366,"menu_order":0,"comment_status":"closed","ping_status":"closed","template":"","meta":{"footnotes":""},"class_list":["post-33580","page","type-page","status-publish","hentry"],"yoast_head":"<!-- This site is optimized with the Yoast SEO plugin v27.4 - https:\/\/yoast.com\/product\/yoast-seo-wordpress\/ -->\n<title>Minority MOEs - VKC | Valdymo koordinavimo centras<\/title>\n<meta name=\"robots\" content=\"index, follow, max-snippet:-1, max-image-preview:large, max-video-preview:-1\" \/>\n<link rel=\"canonical\" href=\"https:\/\/governance.lt\/en\/apie-imones\/mazumos-svi\/\" \/>\n<meta property=\"og:locale\" content=\"en_US\" \/>\n<meta property=\"og:type\" content=\"article\" \/>\n<meta property=\"og:title\" content=\"Minority MOEs - VKC | Valdymo koordinavimo centras\" \/>\n<meta property=\"og:description\" content=\"[vc_row][vc_column][vc_row_inner][vc_column_inner width=&#8221;1\/2&#8243;][vc_column_text css=&#8221;&#8221;] This list provides information on companies in which the State, through its representative institutions \u2013 municipalities \u2013 holds less than 50% of the shares. As of 19 February 2026, there are 19 such companies in which municipalities are shareholders. In total, 20 municipalities hold shares in one or more companies. The largest [&hellip;]\" \/>\n<meta property=\"og:url\" content=\"https:\/\/governance.lt\/en\/apie-imones\/mazumos-svi\/\" \/>\n<meta property=\"og:site_name\" content=\"VKC | Valdymo koordinavimo centras\" \/>\n<meta property=\"article:modified_time\" content=\"2026-02-20T11:22:14+00:00\" \/>\n<meta name=\"twitter:card\" content=\"summary_large_image\" \/>\n<meta name=\"twitter:label1\" content=\"Est. reading time\" \/>\n\t<meta name=\"twitter:data1\" content=\"1 minute\" \/>\n<script type=\"application\/ld+json\" class=\"yoast-schema-graph\">{\"@context\":\"https:\\\/\\\/schema.org\",\"@graph\":[{\"@type\":\"WebPage\",\"@id\":\"https:\\\/\\\/governance.lt\\\/en\\\/apie-imones\\\/mazumos-svi\\\/\",\"url\":\"https:\\\/\\\/governance.lt\\\/en\\\/apie-imones\\\/mazumos-svi\\\/\",\"name\":\"Minority MOEs - VKC | Valdymo koordinavimo centras\",\"isPartOf\":{\"@id\":\"https:\\\/\\\/governance.lt\\\/#website\"},\"datePublished\":\"2022-01-26T10:31:09+00:00\",\"dateModified\":\"2026-02-20T11:22:14+00:00\",\"breadcrumb\":{\"@id\":\"https:\\\/\\\/governance.lt\\\/en\\\/apie-imones\\\/mazumos-svi\\\/#breadcrumb\"},\"inLanguage\":\"en-US\",\"potentialAction\":[{\"@type\":\"ReadAction\",\"target\":[\"https:\\\/\\\/governance.lt\\\/en\\\/apie-imones\\\/mazumos-svi\\\/\"]}]},{\"@type\":\"BreadcrumbList\",\"@id\":\"https:\\\/\\\/governance.lt\\\/en\\\/apie-imones\\\/mazumos-svi\\\/#breadcrumb\",\"itemListElement\":[{\"@type\":\"ListItem\",\"position\":1,\"name\":\"Home\",\"item\":\"https:\\\/\\\/governance.lt\\\/en\\\/\"},{\"@type\":\"ListItem\",\"position\":2,\"name\":\"Apie \u012fmones\",\"item\":\"https:\\\/\\\/governance.lt\\\/en\\\/apie-imones\\\/\"},{\"@type\":\"ListItem\",\"position\":3,\"name\":\"Minority MOEs\"}]},{\"@type\":\"WebSite\",\"@id\":\"https:\\\/\\\/governance.lt\\\/#website\",\"url\":\"https:\\\/\\\/governance.lt\\\/\",\"name\":\"VKC | Valdymo koordinavimo centras\",\"description\":\"Valdymo koordinavimo centras\",\"potentialAction\":[{\"@type\":\"SearchAction\",\"target\":{\"@type\":\"EntryPoint\",\"urlTemplate\":\"https:\\\/\\\/governance.lt\\\/?s={search_term_string}\"},\"query-input\":{\"@type\":\"PropertyValueSpecification\",\"valueRequired\":true,\"valueName\":\"search_term_string\"}}],\"inLanguage\":\"en-US\"}]}<\/script>\n<!-- \/ Yoast SEO plugin. -->","yoast_head_json":{"title":"Minority MOEs - VKC | Valdymo koordinavimo centras","robots":{"index":"index","follow":"follow","max-snippet":"max-snippet:-1","max-image-preview":"max-image-preview:large","max-video-preview":"max-video-preview:-1"},"canonical":"https:\/\/governance.lt\/en\/apie-imones\/mazumos-svi\/","og_locale":"en_US","og_type":"article","og_title":"Minority MOEs - VKC | Valdymo koordinavimo centras","og_description":"[vc_row][vc_column][vc_row_inner][vc_column_inner width=&#8221;1\/2&#8243;][vc_column_text css=&#8221;&#8221;] This list provides information on companies in which the State, through its representative institutions \u2013 municipalities \u2013 holds less than 50% of the shares. As of 19 February 2026, there are 19 such companies in which municipalities are shareholders. In total, 20 municipalities hold shares in one or more companies. The largest [&hellip;]","og_url":"https:\/\/governance.lt\/en\/apie-imones\/mazumos-svi\/","og_site_name":"VKC | Valdymo koordinavimo centras","article_modified_time":"2026-02-20T11:22:14+00:00","twitter_card":"summary_large_image","twitter_misc":{"Est. reading time":"1 minute"},"schema":{"@context":"https:\/\/schema.org","@graph":[{"@type":"WebPage","@id":"https:\/\/governance.lt\/en\/apie-imones\/mazumos-svi\/","url":"https:\/\/governance.lt\/en\/apie-imones\/mazumos-svi\/","name":"Minority MOEs - VKC | Valdymo koordinavimo centras","isPartOf":{"@id":"https:\/\/governance.lt\/#website"},"datePublished":"2022-01-26T10:31:09+00:00","dateModified":"2026-02-20T11:22:14+00:00","breadcrumb":{"@id":"https:\/\/governance.lt\/en\/apie-imones\/mazumos-svi\/#breadcrumb"},"inLanguage":"en-US","potentialAction":[{"@type":"ReadAction","target":["https:\/\/governance.lt\/en\/apie-imones\/mazumos-svi\/"]}]},{"@type":"BreadcrumbList","@id":"https:\/\/governance.lt\/en\/apie-imones\/mazumos-svi\/#breadcrumb","itemListElement":[{"@type":"ListItem","position":1,"name":"Home","item":"https:\/\/governance.lt\/en\/"},{"@type":"ListItem","position":2,"name":"Apie \u012fmones","item":"https:\/\/governance.lt\/en\/apie-imones\/"},{"@type":"ListItem","position":3,"name":"Minority MOEs"}]},{"@type":"WebSite","@id":"https:\/\/governance.lt\/#website","url":"https:\/\/governance.lt\/","name":"VKC | Valdymo koordinavimo centras","description":"Valdymo koordinavimo centras","potentialAction":[{"@type":"SearchAction","target":{"@type":"EntryPoint","urlTemplate":"https:\/\/governance.lt\/?s={search_term_string}"},"query-input":{"@type":"PropertyValueSpecification","valueRequired":true,"valueName":"search_term_string"}}],"inLanguage":"en-US"}]}},"_links":{"self":[{"href":"https:\/\/governance.lt\/en\/wp-json\/wp\/v2\/pages\/33580","targetHints":{"allow":["GET"]}}],"collection":[{"href":"https:\/\/governance.lt\/en\/wp-json\/wp\/v2\/pages"}],"about":[{"href":"https:\/\/governance.lt\/en\/wp-json\/wp\/v2\/types\/page"}],"author":[{"embeddable":true,"href":"https:\/\/governance.lt\/en\/wp-json\/wp\/v2\/users\/14"}],"replies":[{"embeddable":true,"href":"https:\/\/governance.lt\/en\/wp-json\/wp\/v2\/comments?post=33580"}],"version-history":[{"count":4,"href":"https:\/\/governance.lt\/en\/wp-json\/wp\/v2\/pages\/33580\/revisions"}],"predecessor-version":[{"id":33586,"href":"https:\/\/governance.lt\/en\/wp-json\/wp\/v2\/pages\/33580\/revisions\/33586"}],"up":[{"embeddable":true,"href":"https:\/\/governance.lt\/en\/wp-json\/wp\/v2\/pages\/10366"}],"wp:attachment":[{"href":"https:\/\/governance.lt\/en\/wp-json\/wp\/v2\/media?parent=33580"}],"curies":[{"name":"wp","href":"https:\/\/api.w.org\/{rel}","templated":true}]}}