{"id":31998,"date":"2025-08-18T11:42:23","date_gmt":"2025-08-18T13:42:23","guid":{"rendered":"https:\/\/governance.lt\/praneseju-apsauga\/"},"modified":"2025-11-04T16:58:57","modified_gmt":"2025-11-04T13:58:57","slug":"whistleblower-protection","status":"publish","type":"page","link":"https:\/\/governance.lt\/en\/apie-mus\/whistleblower-protection\/","title":{"rendered":"Whistleblower protection"},"content":{"rendered":"<h3><strong>Who is a whistleblower?<\/strong><\/h3>\n<p>A whistleblower is a person who, in accordance with the Law on the Protection of Whistleblowers of the Republic of Lithuania, provides information about violations that they have learned of through their employment, service, contractual relationship (e.g., contract, consulting, internship, volunteering, etc.) or other connection with the institution.<br \/>\nA whistleblower may also be a shareholder, a self-employed person, or a member of an administrative, management or supervisory body, as well as a volunteer or trainee.<\/p>\n<h3><strong>What types of violations can be reported?<\/strong><\/h3>\n<p>According to the Whistleblower Protection Law, you may report:<\/p>\n<ol>\n<li>threats to public safety or health, or to an individual\u2019s life or health;<\/li>\n<li>threats to the environment;<\/li>\n<li>obstruction of or unlawful influence on investigations carried out by law enforcement institutions or on the courts in the administration of justice;<\/li>\n<li>financing of illegal activities;<\/li>\n<li>unlawful or non-transparent use of public funds or assets;<\/li>\n<li>unlawfully acquired property;<\/li>\n<li>concealment of the consequences of a violation or obstruction in determining the extent of the consequences;<\/li>\n<li>other violations specified in the law or EU legal acts.<\/li>\n<\/ol>\n<h3><strong>How to report?<\/strong><\/h3>\n<p>You can submit information about possible violations through:<\/p>\n<p>Internal channel at the Governance Coordination Centre:<\/p>\n<p>by email: info@governance.lt<\/p>\n<p>by post: [insert institution\u2019s address], marking the envelope \u201cFor Whistleblower Protection\u201d<\/p>\n<p>in person, by providing the information to the responsible person (contacts below).<\/p>\n<p>National portal: <a href=\"http:\/\/www.pranesk.lt\">www.pranesk.lt<\/a><\/p>\n<p>Directly to the competent authority \u2013 the Prosecutor General\u2019s Office of the Republic of Lithuania.<\/p>\n<p>You can submit a report:<\/p>\n<p>by completing the <a href=\"https:\/\/governance.lt\/wp-content\/uploads\/2025\/08\/Pranesimo-apie-pazeidima-forma.pdf\">Whistleblower Report Form (PDF, Annex to Resolution No. 1133)<\/a>, or<\/p>\n<p>in free form, clearly indicating that the information is being provided under the Whistleblower Protection Law.<\/p>\n<h3><strong>What guarantees apply to whistleblowers?<\/strong><\/h3>\n<p>A person who submits information is guaranteed:<\/p>\n<p>confidentiality of the whistleblower\u2019s personal data and report;<\/p>\n<p>protection against negative consequences (dismissal, pressure, discrimination, etc.);<\/p>\n<p>the right to receive compensation or remuneration for valuable information;<\/p>\n<p>free legal aid;<\/p>\n<p>exemption from liability when the information is provided in good faith.<\/p>\n<p>Knowingly false information does not provide guarantees, and the person who submits it is liable under the law.<\/p>\n<h3><strong>Additional resources and methodological support<\/strong><\/h3>\n<p><a href=\"https:\/\/www.pranesktiesa.lt\/naujienos\/1\/pristatome-naujiena-gaires-pranesejams:33\">Guidelines for whistleblowers prepared by the Prosecutor General\u2019s Office<\/a><\/p>\n<p>Video clips about the whistleblower system:<\/p>\n<p><a href=\"https:\/\/eimin.lrv.lt\/media\/viesa\/saugykla\/2024\/5\/fb89XDo6j6I.mp4\">Video clip 1<\/a><\/p>\n<p><a href=\"https:\/\/eimin.lrv.lt\/media\/viesa\/saugykla\/2024\/5\/rlclllhWqPE.mp4\">Video clip 2<\/a><\/p>\n<h3><strong>Legal information<\/strong><\/h3>\n<p><a href=\"https:\/\/www.e-tar.lt\/portal\/lt\/legalAct\/2986b360db3611e7910a89ac20768b0f\">Law on the Protection of Whistleblowers of the Republic of Lithuania (current version, e-TAR)<\/a><\/p>\n<p><a href=\"https:\/\/e-seimas.lrs.lt\/portal\/legalAct\/lt\/TAD\/b146ff50ed8a11e89d4ad92e8434e309\/asr\">Government Resolution No. 1133 \u201cOn the Implementation of the Law on the Protection of Whistleblowers\u201d<\/a><\/p>\n<h3><strong>Contacts<\/strong><\/h3>\n<p>Responsible person for the administration of the internal channel for reporting violations:<\/p>\n<p>Dovil\u0117 Ju\u0161kevi\u010dien\u0117, Administrator<\/p>\n<p>Tel. +370 620 73679<\/p>\n<p>Email: dovile.juskeviciene@governance.lt<\/p>\n<p>&nbsp;<\/p>\n<p>&nbsp;<\/p>\n","protected":false},"excerpt":{"rendered":"<p>Who is a whistleblower? A whistleblower is a person who, in accordance with the Law on the Protection of Whistleblowers of the Republic of Lithuania, provides information about violations that they have learned of through their employment, service, contractual relationship (e.g., contract, consulting, internship, volunteering, etc.) or other connection with the institution. A whistleblower may [&hellip;]<\/p>\n","protected":false},"author":14,"featured_media":0,"parent":10360,"menu_order":0,"comment_status":"closed","ping_status":"closed","template":"page-sidebar.php","meta":{"footnotes":""},"class_list":["post-31998","page","type-page","status-publish","hentry"],"yoast_head":"<!-- This site is optimized with the Yoast SEO plugin v27.4 - https:\/\/yoast.com\/product\/yoast-seo-wordpress\/ -->\n<title>Whistleblower protection - VKC | Valdymo koordinavimo centras<\/title>\n<meta name=\"robots\" content=\"index, follow, max-snippet:-1, max-image-preview:large, max-video-preview:-1\" \/>\n<link rel=\"canonical\" href=\"https:\/\/governance.lt\/en\/apie-mus\/whistleblower-protection\/\" \/>\n<meta property=\"og:locale\" content=\"en_US\" \/>\n<meta property=\"og:type\" content=\"article\" \/>\n<meta property=\"og:title\" content=\"Whistleblower protection - VKC | Valdymo koordinavimo centras\" \/>\n<meta property=\"og:description\" content=\"Who is a whistleblower? A whistleblower is a person who, in accordance with the Law on the Protection of Whistleblowers of the Republic of Lithuania, provides information about violations that they have learned of through their employment, service, contractual relationship (e.g., contract, consulting, internship, volunteering, etc.) or other connection with the institution. A whistleblower may [&hellip;]\" \/>\n<meta property=\"og:url\" content=\"https:\/\/governance.lt\/en\/apie-mus\/whistleblower-protection\/\" \/>\n<meta property=\"og:site_name\" content=\"VKC | Valdymo koordinavimo centras\" \/>\n<meta property=\"article:modified_time\" content=\"2025-11-04T13:58:57+00:00\" \/>\n<meta name=\"twitter:card\" content=\"summary_large_image\" \/>\n<meta name=\"twitter:label1\" content=\"Est. reading time\" \/>\n\t<meta name=\"twitter:data1\" content=\"3 minutes\" \/>\n<script type=\"application\/ld+json\" class=\"yoast-schema-graph\">{\"@context\":\"https:\\\/\\\/schema.org\",\"@graph\":[{\"@type\":\"WebPage\",\"@id\":\"https:\\\/\\\/governance.lt\\\/en\\\/apie-mus\\\/whistleblower-protection\\\/\",\"url\":\"https:\\\/\\\/governance.lt\\\/en\\\/apie-mus\\\/whistleblower-protection\\\/\",\"name\":\"Whistleblower protection - VKC | Valdymo koordinavimo centras\",\"isPartOf\":{\"@id\":\"https:\\\/\\\/governance.lt\\\/#website\"},\"datePublished\":\"2025-08-18T13:42:23+00:00\",\"dateModified\":\"2025-11-04T13:58:57+00:00\",\"breadcrumb\":{\"@id\":\"https:\\\/\\\/governance.lt\\\/en\\\/apie-mus\\\/whistleblower-protection\\\/#breadcrumb\"},\"inLanguage\":\"en-US\",\"potentialAction\":[{\"@type\":\"ReadAction\",\"target\":[\"https:\\\/\\\/governance.lt\\\/en\\\/apie-mus\\\/whistleblower-protection\\\/\"]}]},{\"@type\":\"BreadcrumbList\",\"@id\":\"https:\\\/\\\/governance.lt\\\/en\\\/apie-mus\\\/whistleblower-protection\\\/#breadcrumb\",\"itemListElement\":[{\"@type\":\"ListItem\",\"position\":1,\"name\":\"Home\",\"item\":\"https:\\\/\\\/governance.lt\\\/en\\\/\"},{\"@type\":\"ListItem\",\"position\":2,\"name\":\"About us\",\"item\":\"https:\\\/\\\/governance.lt\\\/en\\\/apie-mus\\\/\"},{\"@type\":\"ListItem\",\"position\":3,\"name\":\"Whistleblower protection\"}]},{\"@type\":\"WebSite\",\"@id\":\"https:\\\/\\\/governance.lt\\\/#website\",\"url\":\"https:\\\/\\\/governance.lt\\\/\",\"name\":\"VKC | Valdymo koordinavimo centras\",\"description\":\"Valdymo koordinavimo centras\",\"potentialAction\":[{\"@type\":\"SearchAction\",\"target\":{\"@type\":\"EntryPoint\",\"urlTemplate\":\"https:\\\/\\\/governance.lt\\\/?s={search_term_string}\"},\"query-input\":{\"@type\":\"PropertyValueSpecification\",\"valueRequired\":true,\"valueName\":\"search_term_string\"}}],\"inLanguage\":\"en-US\"}]}<\/script>\n<!-- \/ Yoast SEO plugin. -->","yoast_head_json":{"title":"Whistleblower protection - VKC | Valdymo koordinavimo centras","robots":{"index":"index","follow":"follow","max-snippet":"max-snippet:-1","max-image-preview":"max-image-preview:large","max-video-preview":"max-video-preview:-1"},"canonical":"https:\/\/governance.lt\/en\/apie-mus\/whistleblower-protection\/","og_locale":"en_US","og_type":"article","og_title":"Whistleblower protection - VKC | Valdymo koordinavimo centras","og_description":"Who is a whistleblower? A whistleblower is a person who, in accordance with the Law on the Protection of Whistleblowers of the Republic of Lithuania, provides information about violations that they have learned of through their employment, service, contractual relationship (e.g., contract, consulting, internship, volunteering, etc.) or other connection with the institution. A whistleblower may [&hellip;]","og_url":"https:\/\/governance.lt\/en\/apie-mus\/whistleblower-protection\/","og_site_name":"VKC | Valdymo koordinavimo centras","article_modified_time":"2025-11-04T13:58:57+00:00","twitter_card":"summary_large_image","twitter_misc":{"Est. reading time":"3 minutes"},"schema":{"@context":"https:\/\/schema.org","@graph":[{"@type":"WebPage","@id":"https:\/\/governance.lt\/en\/apie-mus\/whistleblower-protection\/","url":"https:\/\/governance.lt\/en\/apie-mus\/whistleblower-protection\/","name":"Whistleblower protection - VKC | Valdymo koordinavimo centras","isPartOf":{"@id":"https:\/\/governance.lt\/#website"},"datePublished":"2025-08-18T13:42:23+00:00","dateModified":"2025-11-04T13:58:57+00:00","breadcrumb":{"@id":"https:\/\/governance.lt\/en\/apie-mus\/whistleblower-protection\/#breadcrumb"},"inLanguage":"en-US","potentialAction":[{"@type":"ReadAction","target":["https:\/\/governance.lt\/en\/apie-mus\/whistleblower-protection\/"]}]},{"@type":"BreadcrumbList","@id":"https:\/\/governance.lt\/en\/apie-mus\/whistleblower-protection\/#breadcrumb","itemListElement":[{"@type":"ListItem","position":1,"name":"Home","item":"https:\/\/governance.lt\/en\/"},{"@type":"ListItem","position":2,"name":"About us","item":"https:\/\/governance.lt\/en\/apie-mus\/"},{"@type":"ListItem","position":3,"name":"Whistleblower protection"}]},{"@type":"WebSite","@id":"https:\/\/governance.lt\/#website","url":"https:\/\/governance.lt\/","name":"VKC | Valdymo koordinavimo centras","description":"Valdymo koordinavimo centras","potentialAction":[{"@type":"SearchAction","target":{"@type":"EntryPoint","urlTemplate":"https:\/\/governance.lt\/?s={search_term_string}"},"query-input":{"@type":"PropertyValueSpecification","valueRequired":true,"valueName":"search_term_string"}}],"inLanguage":"en-US"}]}},"_links":{"self":[{"href":"https:\/\/governance.lt\/en\/wp-json\/wp\/v2\/pages\/31998","targetHints":{"allow":["GET"]}}],"collection":[{"href":"https:\/\/governance.lt\/en\/wp-json\/wp\/v2\/pages"}],"about":[{"href":"https:\/\/governance.lt\/en\/wp-json\/wp\/v2\/types\/page"}],"author":[{"embeddable":true,"href":"https:\/\/governance.lt\/en\/wp-json\/wp\/v2\/users\/14"}],"replies":[{"embeddable":true,"href":"https:\/\/governance.lt\/en\/wp-json\/wp\/v2\/comments?post=31998"}],"version-history":[{"count":3,"href":"https:\/\/governance.lt\/en\/wp-json\/wp\/v2\/pages\/31998\/revisions"}],"predecessor-version":[{"id":32208,"href":"https:\/\/governance.lt\/en\/wp-json\/wp\/v2\/pages\/31998\/revisions\/32208"}],"up":[{"embeddable":true,"href":"https:\/\/governance.lt\/en\/wp-json\/wp\/v2\/pages\/10360"}],"wp:attachment":[{"href":"https:\/\/governance.lt\/en\/wp-json\/wp\/v2\/media?parent=31998"}],"curies":[{"name":"wp","href":"https:\/\/api.w.org\/{rel}","templated":true}]}}