{"id":23597,"date":"2018-05-29T05:18:57","date_gmt":"2018-05-29T07:18:57","guid":{"rendered":"https:\/\/governance.lt\/apie-mus\/korupcijos-prevencija\/"},"modified":"2025-11-04T16:58:50","modified_gmt":"2025-11-04T13:58:50","slug":"korupcijos-prevencija","status":"publish","type":"page","link":"https:\/\/governance.lt\/en\/apie-mus\/korupcijos-prevencija\/","title":{"rendered":"Prevention of corruption"},"content":{"rendered":"<div class=\"wpb-content-wrapper\"><p>[vc_row][vc_column][vc_column_text css=&#8221;&#8221;]Regarding the prevention of corruption, complaints, when faced with manifestations of corruption related to the employees of the Public Administration Coordination Center, we invite you to contact the head of the institution (<a class=\"_ps2id\" href=\"https:\/\/governance.lt\/en\/apie-mus\/kontaktai\/\" data-ps2id-offset=\"\">contacts<\/a>).<\/p>\n<p style=\"text-align: justify;\"><span class=\"ui-provider fy b c d e f g h i j k l m n o p q r s t u v w x y z ab ac ae af ag ah ai aj ak\" dir=\"ltr\">The V\u0161\u012e Governance Coordination Center is an entity assigned to the regulatory area of \u200b\u200bthe Ministry of Economy and Innovation of the Republic of Lithuania, therefore it uses the <a class=\"_ps2id\" href=\"https:\/\/eimin.lrv.lt\/public\/canonical\/1726123124\/5013\/EIM_2023-2024%20m.%20korupcijos%20prevencijos%20veiksm%C5%B3%20planas_24_09%20redakc.pdf\" data-ps2id-offset=\"\">corruption prevention action plans<\/a> of the Ministry of Economy and Innovation of the Republic of Lithuania.<\/span><\/p>\n<p>More information about the probability of the occurrence of corruption can be found here &#8211; <a href=\"https:\/\/governance.lt\/wp-content\/uploads\/2024\/12\/Dokumento_nuorasas_VKC-1-2.pdf\">Conclusion of the determination of the probability of the occurrence of corruption<\/a>.<\/p>\n<p style=\"text-align: justify;\">More information here: <a href=\"https:\/\/eimin.lrv.lt\/lt\/korupcijos-prevencija\/korupcijos-prevencijos-politika-ir-programos\">Corruption prevention policy and programs<\/a>.<\/p>\n<p>[\/vc_column_text][vc_column_text css=&#8221;&#8221;]<\/p>\n<p style=\"text-align: justify;\">The Special Investigation Service of the Republic of Lithuania (STT) is an institution that investigates criminal acts of a corrupt nature. VKC employees do not have the right to take actions to clarify manifestations of corruption in state-run companies or other legal entities. In this matter, we invite you to contact STT.<\/p>\n<p style=\"text-align: justify;\">Corruption can be reported to STT:<\/p>\n<ul>\n<li style=\"text-align: justify;\">in writing,<\/li>\n<li style=\"text-align: justify;\">leave a message on the STT website by selecting the link &#8220;report corruption\/leave a message here&#8221; or by clicking on the moving information panel &#8220;You can reduce corruption&#8221;,<\/li>\n<li style=\"text-align: justify;\">24\/7 &#8220;hotline&#8221; phone in Vilnius (8 5) 266 33 33 (also on holidays),<\/li>\n<li style=\"text-align: justify;\">by e-mail pranesk@stt.lt,<\/li>\n<li style=\"text-align: justify;\">by fax (8 5) 266 3307.<\/li>\n<\/ul>\n<p>[\/vc_column_text]<a href=\"https:\/\/governance.lt\/wp-content\/uploads\/2021\/09\/Informacinis-bukletas_u\u017esienio-pareig\u016bn\u0173-papirkimas.pdf\" target='_blank' class=\"download-item hvr-underline-from-center\"><div class=\"download-item-image\"><img itemprop='image' class='download-icon' src='https:\/\/governance.lt\/wp-content\/uploads\/2021\/09\/Korupcija-160x210.jpg' alt='download document' \/><\/div><div class=\"download-item-text\"><h3>OECD Convention on Combating Bribery of Foreign Public Officials in International Business Transactions<\/h3><p><p>The publication is in Lithuanian<\/p>\n<\/p><div class=\"download-icon-image\"><span>View<\/span><\/div><\/div><div class='clearfix'><\/div><\/a>[\/vc_column][\/vc_row]<\/p>\n<\/div>","protected":false},"excerpt":{"rendered":"<p>[vc_row][vc_column][vc_column_text css=&#8221;&#8221;]Regarding the prevention of corruption, complaints, when faced with manifestations of corruption related to the employees of the Public Administration Coordination Center, we invite you to contact the head of the institution (contacts). The V\u0161\u012e Governance Coordination Center is an entity assigned to the regulatory area of \u200b\u200bthe Ministry of Economy and Innovation of [&hellip;]<\/p>\n","protected":false},"author":1,"featured_media":0,"parent":10360,"menu_order":0,"comment_status":"closed","ping_status":"closed","template":"page-sidebar.php","meta":{"footnotes":""},"class_list":["post-23597","page","type-page","status-publish","hentry"],"yoast_head":"<!-- This site is optimized with the Yoast SEO plugin v27.4 - https:\/\/yoast.com\/product\/yoast-seo-wordpress\/ -->\n<title>Prevention of corruption - VKC | Valdymo koordinavimo centras<\/title>\n<meta name=\"robots\" content=\"index, follow, max-snippet:-1, max-image-preview:large, max-video-preview:-1\" \/>\n<link rel=\"canonical\" href=\"https:\/\/governance.lt\/en\/apie-mus\/korupcijos-prevencija\/\" \/>\n<meta property=\"og:locale\" content=\"en_US\" \/>\n<meta property=\"og:type\" content=\"article\" \/>\n<meta property=\"og:title\" content=\"Prevention of corruption - VKC | Valdymo koordinavimo centras\" \/>\n<meta property=\"og:description\" content=\"[vc_row][vc_column][vc_column_text css=&#8221;&#8221;]Regarding the prevention of corruption, complaints, when faced with manifestations of corruption related to the employees of the Public Administration Coordination Center, we invite you to contact the head of the institution (contacts). The V\u0161\u012e Governance Coordination Center is an entity assigned to the regulatory area of \u200b\u200bthe Ministry of Economy and Innovation of [&hellip;]\" \/>\n<meta property=\"og:url\" content=\"https:\/\/governance.lt\/en\/apie-mus\/korupcijos-prevencija\/\" \/>\n<meta property=\"og:site_name\" content=\"VKC | Valdymo koordinavimo centras\" \/>\n<meta property=\"article:modified_time\" content=\"2025-11-04T13:58:50+00:00\" \/>\n<meta name=\"twitter:card\" content=\"summary_large_image\" \/>\n<meta name=\"twitter:label1\" content=\"Est. reading time\" \/>\n\t<meta name=\"twitter:data1\" content=\"2 minutes\" \/>\n<script type=\"application\/ld+json\" class=\"yoast-schema-graph\">{\"@context\":\"https:\\\/\\\/schema.org\",\"@graph\":[{\"@type\":\"WebPage\",\"@id\":\"https:\\\/\\\/governance.lt\\\/en\\\/apie-mus\\\/korupcijos-prevencija\\\/\",\"url\":\"https:\\\/\\\/governance.lt\\\/en\\\/apie-mus\\\/korupcijos-prevencija\\\/\",\"name\":\"Prevention of corruption - VKC | Valdymo koordinavimo centras\",\"isPartOf\":{\"@id\":\"https:\\\/\\\/governance.lt\\\/#website\"},\"datePublished\":\"2018-05-29T07:18:57+00:00\",\"dateModified\":\"2025-11-04T13:58:50+00:00\",\"breadcrumb\":{\"@id\":\"https:\\\/\\\/governance.lt\\\/en\\\/apie-mus\\\/korupcijos-prevencija\\\/#breadcrumb\"},\"inLanguage\":\"en-US\",\"potentialAction\":[{\"@type\":\"ReadAction\",\"target\":[\"https:\\\/\\\/governance.lt\\\/en\\\/apie-mus\\\/korupcijos-prevencija\\\/\"]}]},{\"@type\":\"BreadcrumbList\",\"@id\":\"https:\\\/\\\/governance.lt\\\/en\\\/apie-mus\\\/korupcijos-prevencija\\\/#breadcrumb\",\"itemListElement\":[{\"@type\":\"ListItem\",\"position\":1,\"name\":\"Home\",\"item\":\"https:\\\/\\\/governance.lt\\\/en\\\/\"},{\"@type\":\"ListItem\",\"position\":2,\"name\":\"About us\",\"item\":\"https:\\\/\\\/governance.lt\\\/en\\\/apie-mus\\\/\"},{\"@type\":\"ListItem\",\"position\":3,\"name\":\"Prevention of corruption\"}]},{\"@type\":\"WebSite\",\"@id\":\"https:\\\/\\\/governance.lt\\\/#website\",\"url\":\"https:\\\/\\\/governance.lt\\\/\",\"name\":\"VKC | Valdymo koordinavimo centras\",\"description\":\"Valdymo koordinavimo centras\",\"potentialAction\":[{\"@type\":\"SearchAction\",\"target\":{\"@type\":\"EntryPoint\",\"urlTemplate\":\"https:\\\/\\\/governance.lt\\\/?s={search_term_string}\"},\"query-input\":{\"@type\":\"PropertyValueSpecification\",\"valueRequired\":true,\"valueName\":\"search_term_string\"}}],\"inLanguage\":\"en-US\"}]}<\/script>\n<!-- \/ Yoast SEO plugin. -->","yoast_head_json":{"title":"Prevention of corruption - VKC | Valdymo koordinavimo centras","robots":{"index":"index","follow":"follow","max-snippet":"max-snippet:-1","max-image-preview":"max-image-preview:large","max-video-preview":"max-video-preview:-1"},"canonical":"https:\/\/governance.lt\/en\/apie-mus\/korupcijos-prevencija\/","og_locale":"en_US","og_type":"article","og_title":"Prevention of corruption - VKC | Valdymo koordinavimo centras","og_description":"[vc_row][vc_column][vc_column_text css=&#8221;&#8221;]Regarding the prevention of corruption, complaints, when faced with manifestations of corruption related to the employees of the Public Administration Coordination Center, we invite you to contact the head of the institution (contacts). The V\u0161\u012e Governance Coordination Center is an entity assigned to the regulatory area of \u200b\u200bthe Ministry of Economy and Innovation of [&hellip;]","og_url":"https:\/\/governance.lt\/en\/apie-mus\/korupcijos-prevencija\/","og_site_name":"VKC | Valdymo koordinavimo centras","article_modified_time":"2025-11-04T13:58:50+00:00","twitter_card":"summary_large_image","twitter_misc":{"Est. reading time":"2 minutes"},"schema":{"@context":"https:\/\/schema.org","@graph":[{"@type":"WebPage","@id":"https:\/\/governance.lt\/en\/apie-mus\/korupcijos-prevencija\/","url":"https:\/\/governance.lt\/en\/apie-mus\/korupcijos-prevencija\/","name":"Prevention of corruption - VKC | Valdymo koordinavimo centras","isPartOf":{"@id":"https:\/\/governance.lt\/#website"},"datePublished":"2018-05-29T07:18:57+00:00","dateModified":"2025-11-04T13:58:50+00:00","breadcrumb":{"@id":"https:\/\/governance.lt\/en\/apie-mus\/korupcijos-prevencija\/#breadcrumb"},"inLanguage":"en-US","potentialAction":[{"@type":"ReadAction","target":["https:\/\/governance.lt\/en\/apie-mus\/korupcijos-prevencija\/"]}]},{"@type":"BreadcrumbList","@id":"https:\/\/governance.lt\/en\/apie-mus\/korupcijos-prevencija\/#breadcrumb","itemListElement":[{"@type":"ListItem","position":1,"name":"Home","item":"https:\/\/governance.lt\/en\/"},{"@type":"ListItem","position":2,"name":"About us","item":"https:\/\/governance.lt\/en\/apie-mus\/"},{"@type":"ListItem","position":3,"name":"Prevention of corruption"}]},{"@type":"WebSite","@id":"https:\/\/governance.lt\/#website","url":"https:\/\/governance.lt\/","name":"VKC | Valdymo koordinavimo centras","description":"Valdymo koordinavimo centras","potentialAction":[{"@type":"SearchAction","target":{"@type":"EntryPoint","urlTemplate":"https:\/\/governance.lt\/?s={search_term_string}"},"query-input":{"@type":"PropertyValueSpecification","valueRequired":true,"valueName":"search_term_string"}}],"inLanguage":"en-US"}]}},"_links":{"self":[{"href":"https:\/\/governance.lt\/en\/wp-json\/wp\/v2\/pages\/23597","targetHints":{"allow":["GET"]}}],"collection":[{"href":"https:\/\/governance.lt\/en\/wp-json\/wp\/v2\/pages"}],"about":[{"href":"https:\/\/governance.lt\/en\/wp-json\/wp\/v2\/types\/page"}],"author":[{"embeddable":true,"href":"https:\/\/governance.lt\/en\/wp-json\/wp\/v2\/users\/1"}],"replies":[{"embeddable":true,"href":"https:\/\/governance.lt\/en\/wp-json\/wp\/v2\/comments?post=23597"}],"version-history":[{"count":12,"href":"https:\/\/governance.lt\/en\/wp-json\/wp\/v2\/pages\/23597\/revisions"}],"predecessor-version":[{"id":31983,"href":"https:\/\/governance.lt\/en\/wp-json\/wp\/v2\/pages\/23597\/revisions\/31983"}],"up":[{"embeddable":true,"href":"https:\/\/governance.lt\/en\/wp-json\/wp\/v2\/pages\/10360"}],"wp:attachment":[{"href":"https:\/\/governance.lt\/en\/wp-json\/wp\/v2\/media?parent=23597"}],"curies":[{"name":"wp","href":"https:\/\/api.w.org\/{rel}","templated":true}]}}