{"id":10402,"date":"2018-08-16T08:01:59","date_gmt":"2018-08-16T10:01:59","guid":{"rendered":"https:\/\/governance.lt\/asmens-duomenu-apsauga\/"},"modified":"2023-01-31T12:03:53","modified_gmt":"2023-01-31T14:03:53","slug":"asmens-duomenu-apsauga","status":"publish","type":"page","link":"https:\/\/governance.lt\/en\/asmens-duomenu-apsauga\/","title":{"rendered":"Privacy policy"},"content":{"rendered":"<div class=\"wpb-content-wrapper\"><p>[vc_row][vc_column][vc_row_inner disable_element=&#8221;yes&#8221;][vc_column_inner][vc_column_text]<\/p>\n<h2>Asmens duomen\u0173 apsauga<\/h2>\n<p><strong>Duomen\u0173 subjekt\u0173 teisi\u0173 \u012fgyvendinimo vie\u0161osios \u012fstaigos \u201eSteb\u0117senos ir prognozi\u0173 agent\u016bra\u201c tvarkos apra\u0161\u0105 galite rasti\u00a0<\/strong><a href=\"https:\/\/governance.lt\/wp-content\/uploads\/2019\/08\/Duomenu-apsaugos-aprasas.pdf\">\u010dia<\/a>.[\/vc_column_text][vc_empty_space][\/vc_column_inner][\/vc_row_inner][vc_row_inner][vc_column_inner][vc_column_text]<\/p>\n<h2 style=\"line-height: 23.4pt; background: white; margin: 11.25pt 0cm 11.25pt 0cm;\"><strong><span style=\"letter-spacing: .1pt;\">Protection of personal data<br \/>\n<\/span><\/strong><\/h2>\n<p>Data protection officer<\/p>\n<p>Contacts of the data protection officer of the public institution &#8220;VKC&#8221;:<br \/>\nIeva Mork\u016bn\u0117<br \/>\nGedimino pr. 38, LT-01104 Vilnius, Lithuania<br \/>\nMobile. +370 611\u00a0 74 118, e.mail.\u00a0<a href=\"mailto:ieva.morkune@governance.lt\">ieva.morkune@governance.lt<\/a><\/p>\n<p><strong>You can find the description of the procedure for the implementation of the rights of data subjects of the public institution &#8220;Monitoring and Forecasting Agency&#8221; <a class=\"_ps2id\" href=\"https:\/\/governance.lt\/wp-content\/uploads\/2019\/08\/Duomenu-apsaugos-aprasas.pdf\" data-ps2id-offset=\"\">here<\/a>.<br \/>\n<\/strong><\/p>\n<p><strong>The national personal data supervisory authority is responsible for monitoring the application of the General Data Protection Regulation in the Republic of Lithuania:<br \/>\n<\/strong><\/p>\n<p><strong>State Personal Data Protection Inspectorate<br \/>\n<\/strong><\/p>\n<p>Contact information:<br \/>\nL. Sapiegos g. 17, 10312 Vilnius<br \/>\nMobile. (8 5) 271 2804, 279 1445<br \/>\nFax. (8 5) 261 9494<br \/>\nE.Mail.\u00a0<a href=\"mailto:ada@ada.lt\">ada@ada.lt<\/a><\/p>\n<h2>Privacy and cookies policy<\/h2>\n<p style=\"text-align: justify;\">We apply this Privacy and Cookie Policy (hereinafter \u2013 the Policy) to the users of governance.lt website. This Policy is not applicable if you are browsing any third-party websites you have accessed through governance.lt website.<\/p>\n<p style=\"text-align: justify;\">We collect information about our website users in accordance with the Law on Legal Protection of Personal Data of the Republic of Lithuania, Law on Electronic Communications of the Republic of Lithuania, EU laws on the protection of personal data and other related legislation and regulations of controlling authorities.<\/p>\n<h4 style=\"text-align: justify;\">What information we collect<\/h4>\n<p style=\"text-align: justify;\">We use cookies to collect information about users\u2019 activity on our website. The types and purposes of cookies are described in the table below.<\/p>\n<table>\n<thead>\n<tr>\n<td width=\"215\">Name<\/td>\n<td width=\"215\">Description<\/td>\n<td width=\"315\">Creation \/ Expiry times<\/td>\n<\/tr>\n<\/thead>\n<tbody>\n<tr>\n<td><span class=\"text-smaller\">CMSSESSIDX<\/span><\/td>\n<td>A standard cookie used to manage the user\u2019s session<\/td>\n<td width=\"915\">Upon opening the website\/until the user closes the website<\/td>\n<\/tr>\n<tr>\n<td><span class=\"text-smaller\">cookiesAgree<\/span><\/td>\n<td>A cookie which records whether you have consented to the use of cookies on our website<\/td>\n<td width=\"915\">From the time of consent\/until it is deleted<\/td>\n<\/tr>\n<tr>\n<td><span class=\"text-smaller\">cookiesLevelX<\/span><\/td>\n<td>A cookie identifying the types of cookies you have accepted on our website<\/td>\n<td width=\"915\">From the time of consent\/until it is deleted<\/td>\n<\/tr>\n<tr>\n<td><span class=\"text-smaller\">_ga<\/span><\/td>\n<td>This cookie is used by Google Analytics to assess the purpose of the user\u2019s visit, generate reports on the website activity to website operators, and improve user\u2019s experience when browsing on the website<\/td>\n<td width=\"915\">From the time of consent\/2 years<\/td>\n<\/tr>\n<tr>\n<td><span class=\"text-smaller\">_gat<\/span><\/td>\n<td>This cookie is used by Google Analytics to collect statistical information about the website traffic<span class=\"text-smaller\">.<\/span><\/td>\n<td width=\"915\">Upon the first visit to the website\/until the end of the session<\/td>\n<\/tr>\n<tr>\n<td><span class=\"text-smaller\">_gid<\/span><\/td>\n<td>This cookie is used by Google Analytics to distinguish you from other users<span class=\"text-smaller\">.<\/span><\/td>\n<td width=\"915\"><span class=\"text-smaller\">Upon the first visit to the website\/2 days<\/span><\/td>\n<\/tr>\n<\/tbody>\n<\/table>\n<p style=\"text-align: justify;\">We have appropriate security measures in place to prevent the loss, misuse or alteration of information that we have collected about the users of\u00a0governance.lt website. Staff are committed in writing not to disclose or provide any information received about the company\u2019s customers to third parties, including information about the users of governance.lt website.<\/p>\n<h4 style=\"text-align: justify;\">The use of cookies<\/h4>\n<p style=\"text-align: justify;\">When you browse on governance.lt website, we seek to display information and functions personalized to your interests. We use cookies to help us provide you with a personalized experience. Cookies are small text files stored by your web browser. They help us to recognize you when you return to our website, to collect information about your use of the website and to tailor the content of the website to your interests. Cookies also help us to ensure the proper functioning of the website, to monitor the duration and frequency of visits to governance.lt website, and to collect statistical information about the number of the website users. By analysing this information, we can improve the performance of our website and your user experience. When you visit governance.lt website, you can select whether you want to accept cookies. If you do not wish to receive cookies on your computer or other device, you can withdraw your consent at any time by changing your browser settings and delete cookies that have already been saved.<\/p>\n<p style=\"text-align: justify;\">If you want to learn how to disable website tracking using Google Analytics cookies, please visit:\u00a0<a href=\"http:\/\/tools.google.com\/dlpage\/gaoptout\">http:\/\/tools.google.com\/dlpage\/gaoptout<\/a><\/p>\n<p><strong>Types of cookies<\/strong><\/p>\n<p>Cookies include session cookies and long-term cookies as well as first-party or third-party cookies. The definitions of these terms are provided below so that you can have a better understanding of the nature and purpose of our cookies.<\/p>\n<p><strong>Session cookies<\/strong><br \/>\nSession cookies allow users to be recognized for the duration of a single session so that any page changes or item selection are remembered when they move from page to page. These cookies make navigating across numerous website pages faster and easier, because there is no need to repeatedly process the information when a new page is opened. Session cookies are temporary and disappear once you close your browser or log off the website.<\/p>\n<p><strong>Long-term cookies<\/strong><br \/>\nLong-term cookies are stored on your computer for a specified period of time following the end of your session and they may be record specific user settings or actions when the user returns to the website.<\/p>\n<p><strong>First-party cookies<\/strong><br \/>\nThese cookies are essential to the proper functioning of governance.lt website.<\/p>\n<p><strong>Third-party cookies<\/strong><br \/>\nThese are cookies operated by other organizations via our website. In our case, the Google Analytics cookies used on governance.lt website are utilized to analyse the website traffic. Google Analytics collects anonymous information about the number of users, the location from which our website has been accessed, and the parts of the website browsed by the users. These cookies are created by Google Analytics. To learn more about Google Analytics, please visit <a href=\"http:\/\/www.google.com\/analytics\">http:\/\/www.google.com\/analytics<\/a>.<\/p>\n<p>Any information collected using cookies is stored until these cookies expire and is not used for any purpose other than those listed in this policy.<\/p>\n<p>Our website contains links to other websites operated by individuals, companies or organizations. Please note that governance.lt is not responsible for the content or privacy practices of linked websites. When you click on these links and enter these other websites, you should review the privacy policies which may apply to these websites.<\/p>\n<p><strong>Your rights<\/strong><\/p>\n<p>You have the right to request access to your data that we have collected using cookies. If your personal data is inaccurate, incomplete or non-current, you are entitled to have it rectified.<\/p>\n<p>If you have any questions or want to exercise your rights, please contact us by email at <a>info@governance.lt<\/a>\u00a0 or reach out to us via other channels indicated on this website.[\/vc_column_text][\/vc_column_inner][\/vc_row_inner][\/vc_column][\/vc_row]<\/p>\n<\/div>","protected":false},"excerpt":{"rendered":"<p>[vc_row][vc_column][vc_row_inner disable_element=&#8221;yes&#8221;][vc_column_inner][vc_column_text] Asmens duomen\u0173 apsauga Duomen\u0173 subjekt\u0173 teisi\u0173 \u012fgyvendinimo vie\u0161osios \u012fstaigos \u201eSteb\u0117senos ir prognozi\u0173 agent\u016bra\u201c tvarkos apra\u0161\u0105 galite rasti\u00a0\u010dia.[\/vc_column_text][vc_empty_space][\/vc_column_inner][\/vc_row_inner][vc_row_inner][vc_column_inner][vc_column_text] Protection of personal data Data protection officer Contacts of the data protection officer of the public institution &#8220;VKC&#8221;: Ieva Mork\u016bn\u0117 Gedimino pr. 38, LT-01104 Vilnius, Lithuania Mobile. +370 611\u00a0 74 118, e.mail.\u00a0ieva.morkune@governance.lt You can find the [&hellip;]<\/p>\n","protected":false},"author":1,"featured_media":0,"parent":0,"menu_order":0,"comment_status":"closed","ping_status":"closed","template":"","meta":{"footnotes":""},"class_list":["post-10402","page","type-page","status-publish","hentry"],"yoast_head":"<!-- This site is optimized with the Yoast SEO plugin v27.6 - https:\/\/yoast.com\/product\/yoast-seo-wordpress\/ -->\n<title>Privacy policy - VKC | Valdymo koordinavimo centras<\/title>\n<meta name=\"robots\" content=\"index, follow, max-snippet:-1, max-image-preview:large, max-video-preview:-1\" \/>\n<link rel=\"canonical\" href=\"https:\/\/governance.lt\/en\/asmens-duomenu-apsauga\/\" \/>\n<meta property=\"og:locale\" content=\"en_US\" \/>\n<meta property=\"og:type\" content=\"article\" \/>\n<meta property=\"og:title\" content=\"Privacy policy - VKC | Valdymo koordinavimo centras\" \/>\n<meta property=\"og:description\" content=\"[vc_row][vc_column][vc_row_inner disable_element=&#8221;yes&#8221;][vc_column_inner][vc_column_text] Asmens duomen\u0173 apsauga Duomen\u0173 subjekt\u0173 teisi\u0173 \u012fgyvendinimo vie\u0161osios \u012fstaigos \u201eSteb\u0117senos ir prognozi\u0173 agent\u016bra\u201c tvarkos apra\u0161\u0105 galite rasti\u00a0\u010dia.[\/vc_column_text][vc_empty_space][\/vc_column_inner][\/vc_row_inner][vc_row_inner][vc_column_inner][vc_column_text] Protection of personal data Data protection officer Contacts of the data protection officer of the public institution &#8220;VKC&#8221;: Ieva Mork\u016bn\u0117 Gedimino pr. 38, LT-01104 Vilnius, Lithuania Mobile. +370 611\u00a0 74 118, e.mail.\u00a0ieva.morkune@governance.lt You can find the [&hellip;]\" \/>\n<meta property=\"og:url\" content=\"https:\/\/governance.lt\/en\/asmens-duomenu-apsauga\/\" \/>\n<meta property=\"og:site_name\" content=\"VKC | Valdymo koordinavimo centras\" \/>\n<meta property=\"article:modified_time\" content=\"2023-01-31T14:03:53+00:00\" \/>\n<meta name=\"twitter:card\" content=\"summary_large_image\" \/>\n<meta name=\"twitter:label1\" content=\"Est. reading time\" \/>\n\t<meta name=\"twitter:data1\" content=\"6 minutes\" \/>\n<script type=\"application\/ld+json\" class=\"yoast-schema-graph\">{\"@context\":\"https:\\\/\\\/schema.org\",\"@graph\":[{\"@type\":\"WebPage\",\"@id\":\"https:\\\/\\\/governance.lt\\\/en\\\/asmens-duomenu-apsauga\\\/\",\"url\":\"https:\\\/\\\/governance.lt\\\/en\\\/asmens-duomenu-apsauga\\\/\",\"name\":\"Privacy policy - VKC | Valdymo koordinavimo centras\",\"isPartOf\":{\"@id\":\"https:\\\/\\\/governance.lt\\\/#website\"},\"datePublished\":\"2018-08-16T10:01:59+00:00\",\"dateModified\":\"2023-01-31T14:03:53+00:00\",\"breadcrumb\":{\"@id\":\"https:\\\/\\\/governance.lt\\\/en\\\/asmens-duomenu-apsauga\\\/#breadcrumb\"},\"inLanguage\":\"en-US\",\"potentialAction\":[{\"@type\":\"ReadAction\",\"target\":[\"https:\\\/\\\/governance.lt\\\/en\\\/asmens-duomenu-apsauga\\\/\"]}]},{\"@type\":\"BreadcrumbList\",\"@id\":\"https:\\\/\\\/governance.lt\\\/en\\\/asmens-duomenu-apsauga\\\/#breadcrumb\",\"itemListElement\":[{\"@type\":\"ListItem\",\"position\":1,\"name\":\"Home\",\"item\":\"https:\\\/\\\/governance.lt\\\/en\\\/\"},{\"@type\":\"ListItem\",\"position\":2,\"name\":\"Privacy policy\"}]},{\"@type\":\"WebSite\",\"@id\":\"https:\\\/\\\/governance.lt\\\/#website\",\"url\":\"https:\\\/\\\/governance.lt\\\/\",\"name\":\"VKC | Valdymo koordinavimo centras\",\"description\":\"Valdymo koordinavimo centras\",\"potentialAction\":[{\"@type\":\"SearchAction\",\"target\":{\"@type\":\"EntryPoint\",\"urlTemplate\":\"https:\\\/\\\/governance.lt\\\/?s={search_term_string}\"},\"query-input\":{\"@type\":\"PropertyValueSpecification\",\"valueRequired\":true,\"valueName\":\"search_term_string\"}}],\"inLanguage\":\"en-US\"}]}<\/script>\n<!-- \/ Yoast SEO plugin. -->","yoast_head_json":{"title":"Privacy policy - VKC | Valdymo koordinavimo centras","robots":{"index":"index","follow":"follow","max-snippet":"max-snippet:-1","max-image-preview":"max-image-preview:large","max-video-preview":"max-video-preview:-1"},"canonical":"https:\/\/governance.lt\/en\/asmens-duomenu-apsauga\/","og_locale":"en_US","og_type":"article","og_title":"Privacy policy - VKC | Valdymo koordinavimo centras","og_description":"[vc_row][vc_column][vc_row_inner disable_element=&#8221;yes&#8221;][vc_column_inner][vc_column_text] Asmens duomen\u0173 apsauga Duomen\u0173 subjekt\u0173 teisi\u0173 \u012fgyvendinimo vie\u0161osios \u012fstaigos \u201eSteb\u0117senos ir prognozi\u0173 agent\u016bra\u201c tvarkos apra\u0161\u0105 galite rasti\u00a0\u010dia.[\/vc_column_text][vc_empty_space][\/vc_column_inner][\/vc_row_inner][vc_row_inner][vc_column_inner][vc_column_text] Protection of personal data Data protection officer Contacts of the data protection officer of the public institution &#8220;VKC&#8221;: Ieva Mork\u016bn\u0117 Gedimino pr. 38, LT-01104 Vilnius, Lithuania Mobile. +370 611\u00a0 74 118, e.mail.\u00a0ieva.morkune@governance.lt You can find the [&hellip;]","og_url":"https:\/\/governance.lt\/en\/asmens-duomenu-apsauga\/","og_site_name":"VKC | Valdymo koordinavimo centras","article_modified_time":"2023-01-31T14:03:53+00:00","twitter_card":"summary_large_image","twitter_misc":{"Est. reading time":"6 minutes"},"schema":{"@context":"https:\/\/schema.org","@graph":[{"@type":"WebPage","@id":"https:\/\/governance.lt\/en\/asmens-duomenu-apsauga\/","url":"https:\/\/governance.lt\/en\/asmens-duomenu-apsauga\/","name":"Privacy policy - VKC | Valdymo koordinavimo centras","isPartOf":{"@id":"https:\/\/governance.lt\/#website"},"datePublished":"2018-08-16T10:01:59+00:00","dateModified":"2023-01-31T14:03:53+00:00","breadcrumb":{"@id":"https:\/\/governance.lt\/en\/asmens-duomenu-apsauga\/#breadcrumb"},"inLanguage":"en-US","potentialAction":[{"@type":"ReadAction","target":["https:\/\/governance.lt\/en\/asmens-duomenu-apsauga\/"]}]},{"@type":"BreadcrumbList","@id":"https:\/\/governance.lt\/en\/asmens-duomenu-apsauga\/#breadcrumb","itemListElement":[{"@type":"ListItem","position":1,"name":"Home","item":"https:\/\/governance.lt\/en\/"},{"@type":"ListItem","position":2,"name":"Privacy policy"}]},{"@type":"WebSite","@id":"https:\/\/governance.lt\/#website","url":"https:\/\/governance.lt\/","name":"VKC | Valdymo koordinavimo centras","description":"Valdymo koordinavimo centras","potentialAction":[{"@type":"SearchAction","target":{"@type":"EntryPoint","urlTemplate":"https:\/\/governance.lt\/?s={search_term_string}"},"query-input":{"@type":"PropertyValueSpecification","valueRequired":true,"valueName":"search_term_string"}}],"inLanguage":"en-US"}]}},"_links":{"self":[{"href":"https:\/\/governance.lt\/en\/wp-json\/wp\/v2\/pages\/10402","targetHints":{"allow":["GET"]}}],"collection":[{"href":"https:\/\/governance.lt\/en\/wp-json\/wp\/v2\/pages"}],"about":[{"href":"https:\/\/governance.lt\/en\/wp-json\/wp\/v2\/types\/page"}],"author":[{"embeddable":true,"href":"https:\/\/governance.lt\/en\/wp-json\/wp\/v2\/users\/1"}],"replies":[{"embeddable":true,"href":"https:\/\/governance.lt\/en\/wp-json\/wp\/v2\/comments?post=10402"}],"version-history":[{"count":6,"href":"https:\/\/governance.lt\/en\/wp-json\/wp\/v2\/pages\/10402\/revisions"}],"predecessor-version":[{"id":23606,"href":"https:\/\/governance.lt\/en\/wp-json\/wp\/v2\/pages\/10402\/revisions\/23606"}],"wp:attachment":[{"href":"https:\/\/governance.lt\/en\/wp-json\/wp\/v2\/media?parent=10402"}],"curies":[{"name":"wp","href":"https:\/\/api.w.org\/{rel}","templated":true}]}}