{"id":10360,"date":"2018-05-29T05:15:17","date_gmt":"2018-05-29T07:15:17","guid":{"rendered":"https:\/\/governance.lt\/apie-mus\/"},"modified":"2025-09-17T10:53:39","modified_gmt":"2025-09-17T07:53:39","slug":"apie-mus","status":"publish","type":"page","link":"https:\/\/governance.lt\/en\/apie-mus\/","title":{"rendered":"About us"},"content":{"rendered":"<div class=\"wpb-content-wrapper\"><p>[vc_row][vc_column][vc_column_text]<\/p>\n<h3 style=\"text-align: justify;\">Governance Coordination Centre<\/h3>\n<p style=\"text-align: justify;\"><span lang=\"EN-US\">The Governance Coordination Centre is the analytical centre founded by the Government, which seeks to ensure consistent and professional governance at state-owned enterprises (SOEs). The functions undertaken by the centre include a wide range of SOE coordination activities: nominating independent board and supervisory board members, overseeing the implementation of strategic plans, analytical reporting and publicity of the SOE activities, assistance shaping the SOE sector policy and providing advice on matters concerning good governance to be introduced.<\/span><\/p>\n<p style=\"text-align: justify;\"><span lang=\"EN-US\">The main objective of the GCC is to promote the introduction of good governance principles at SOEs.<\/span><\/p>\n<p style=\"text-align: justify;\"><span lang=\"EN-US\">As far as the above activity is concerned, the GCC strives for the following main areas to be improved:<\/span><\/p>\n<ul>\n<li style=\"text-align: justify;\"><span lang=\"EN-US\">To improve SOE transparency and accountability;<\/span><\/li>\n<li style=\"text-align: justify;\"><span lang=\"EN-US\">To reinforce the independence and improve the competencies of independent collegial supervisory bodies at SOEs;<\/span><\/li>\n<li style=\"text-align: justify;\"><span lang=\"EN-US\">To promote a degree of centralisation and efficient governance of SOEs.<\/span><\/li>\n<\/ul>\n<p>[\/vc_column_text][vc_empty_space height=&#8221;16px&#8221;][vc_text_separator title=&#8221;Story of the Governance Coordination Centre&#8221;][vc_column_text]<\/p>\n<p style=\"text-align: justify;\"><span lang=\"EN-US\">that the majority of SOEs had poor performance, whereas the corporate financial return on equity had accounted for merely 0.1% back in 2009, which was significantly lower than the average of the European state-owned enterprises and the average return on equity in private sector companies (around 9%).<\/span><\/p>\n<p style=\"text-align: justify;\"><span lang=\"EN-US\">The SOE reform was launched in 2010. Its aim was to achieve that the state became a professional and responsible owner of enterprises actively seeking to increase its asset value. Back in July 2010, the Government approved the Guidelines for Ensuring Transparency of State-Owned Enterprises (Transparency Guidelines). These guidelines set forth the core requirements for the disclosure of SOE performance and appointed the Ministry of the Economy and Innovation as the body responsible for overseeing the implementation of the Transparency Guidelines and preparing summary reports on SOE performance.<\/span><\/p>\n<p>[\/vc_column_text][\/vc_column][\/vc_row][vc_row][vc_column][vc_empty_space][vc_text_separator title=&#8221;It was decided to establish the Governance Coordination Centre&#8221;][\/vc_column][\/vc_row][vc_row][vc_column width=&#8221;1\/6&#8243;][vc_empty_space height=&#8221;6px&#8221;][vc_icon icon_fontawesome=&#8221;fa fa-calendar-check-o&#8221; color=&#8221;peacoc&#8221; size=&#8221;lg&#8221; align=&#8221;center&#8221;][vc_column_text]<\/p>\n<p style=\"text-align: center;\">July, <span class=\"text-smaller\">2010<\/span><\/p>\n<p>[\/vc_column_text][\/vc_column][vc_column width=&#8221;1\/3&#8243;][vc_column_text]<\/p>\n<p style=\"text-align: justify;\"><span class=\"text-smaller\" lang=\"EN-US\">The Government approved the Transparency Guidelines. These guidelines set forth the core requirements for the disclosure of SOE performance and appointed the Ministry of the Economy and Innovation as the body responsible for overseeing the implementation of the Transparency Guidelines and preparing summary reports on SOE performance.<\/span><\/p>\n<p>[\/vc_column_text][\/vc_column][vc_column width=&#8221;1\/3&#8243;][\/vc_column][vc_column width=&#8221;1\/6&#8243;][\/vc_column][\/vc_row][vc_row][vc_column width=&#8221;1\/6&#8243;][\/vc_column][vc_column width=&#8221;1\/3&#8243;][\/vc_column][vc_column width=&#8221;1\/3&#8243;][vc_column_text]<\/p>\n<p style=\"text-align: justify;\"><span class=\"text-smaller\" lang=\"EN-US\">The Government approved the Ownership Guidelines which provided for the Governance Coordination Centre (GCC) to be founded, the criteria for board competencies and independence, and the process for setting and implementing top-level objectives of SOEs.<\/span><\/p>\n<p>[\/vc_column_text][\/vc_column][vc_column width=&#8221;1\/6&#8243;][vc_empty_space height=&#8221;6px&#8221;][vc_icon icon_fontawesome=&#8221;fa fa-users&#8221; color=&#8221;peacoc&#8221; align=&#8221;center&#8221;][vc_column_text]<\/p>\n<p style=\"text-align: center;\"><span class=\"text-smaller\">2011<\/span><\/p>\n<p>[\/vc_column_text][\/vc_column][\/vc_row][vc_row][vc_column width=&#8221;1\/6&#8243;][vc_empty_space height=&#8221;6px&#8221;][vc_icon icon_fontawesome=&#8221;fa fa-folder-open&#8221; color=&#8221;peacoc&#8221; size=&#8221;lg&#8221; align=&#8221;center&#8221;][vc_column_text]<\/p>\n<p style=\"text-align: center;\">June, <span class=\"text-smaller\">2012<\/span><\/p>\n<p>[\/vc_column_text][\/vc_column][vc_column width=&#8221;1\/3&#8243;][vc_column_text]<\/p>\n<p style=\"text-align: justify;\"><span class=\"text-smaller\" lang=\"EN-US\">The Ministry of the Economy and Innovation had a team built up to be tasked with overseeing the Transparency Guidelines, preparing summary interim and annual reports, and assisting in the policy-making concerning the SOE reform.<\/span><\/p>\n<p>[\/vc_column_text][\/vc_column][vc_column width=&#8221;1\/3&#8243;][\/vc_column][vc_column width=&#8221;1\/6&#8243;][\/vc_column][\/vc_row][vc_row][vc_column width=&#8221;1\/6&#8243;][\/vc_column][vc_column width=&#8221;1\/3&#8243;][\/vc_column][vc_column width=&#8221;1\/3&#8243;][vc_column_text]<\/p>\n<p style=\"text-align: justify;\"><span class=\"text-smaller\" lang=\"EN-US\">The SOE Governance Coordination Division was set up under Valstyb\u0117s turto fondas. It undertook the GCC functions provided in the Ownership and Transparency guidelines.<\/span><\/p>\n<p>[\/vc_column_text][\/vc_column][vc_column width=&#8221;1\/6&#8243;][vc_empty_space height=&#8221;6px&#8221;][vc_icon icon_fontawesome=&#8221;fa fa-line-chart&#8221; color=&#8221;peacoc&#8221; align=&#8221;center&#8221;][vc_column_text]<\/p>\n<p style=\"text-align: center;\">September, <span class=\"text-smaller\">2012<\/span><\/p>\n<p>[\/vc_column_text][\/vc_column][\/vc_row][vc_row][vc_column][vc_empty_space][vc_text_separator title=&#8221;Aims and functions of Governance Coordination Centre&#8221;][vc_column_text]<\/p>\n<ul>\n<li>To improve board performance (via improvements in nomination process, creation of potential members database, evaluation of their competence, consulting activities)<\/li>\n<li style=\"text-align: justify;\"><span lang=\"EN-US\">Setting goals (calculation of long-term profitability of SOEs, optimal capital structure and dividend indicators and coordination with SOE, SAO and approving institution &#8211; the Government of the Republic of Lithuania, calculation of short-term specialized indicators of financial and non-financial performance measurement, coordination with SOEs and SAIs and approval; Assessment of the adequacy and ambition of the strategic goals and objectives of SOEs, monitoring of their implementation).<\/span><\/li>\n<li style=\"text-align: justify;\"><span lang=\"EN-US\">To evaluate the costs for non-commercial functions of the companies and to separate commercial functions from non-commercial ones<\/span><\/li>\n<li style=\"text-align: justify;\"><span lang=\"EN-US\">To separate corporate governance and market regulation functions \u2013 depoliticize the SOEs<\/span><\/li>\n<li style=\"text-align: justify;\"><span lang=\"EN-US\">To improve transparency of the companies\u2019 operations (via the preparation of aggregated SOE performance reports, analytics of management salaries and enterprise efficiency)<\/span><\/li>\n<\/ul>\n<p>[\/vc_column_text][\/vc_column][\/vc_row][vc_row][vc_column][vc_empty_space][vc_text_separator title=&#8221;Changes pending the OECD membership&#8221;][vc_column_text]<\/p>\n<p style=\"text-align: justify;\"><span lang=\"EN-US\">Pending Lithuania\u2019s membership in the Organization for Economic Cooperation and Development (OECD), Lithuania was involved in the Working Party on State Ownership and Privatisation Practices under the organisation\u2019s Corporate Governance Committee in the capacity of a Participant. The Governance Coordination Centre together with the Ministry of the Economy and Innovation are actively involved in the activities of the party.<\/span><\/p>\n<p>[\/vc_column_text][\/vc_column][\/vc_row][vc_row][vc_column width=&#8221;1\/6&#8243;][vc_empty_space height=&#8221;6px&#8221;][vc_icon icon_fontawesome=&#8221;fa fa-handshake-o&#8221; color=&#8221;peacoc&#8221; size=&#8221;lg&#8221; align=&#8221;center&#8221;][vc_column_text]<\/p>\n<p style=\"text-align: center;\">October, <span class=\"text-smaller\">2014<\/span><\/p>\n<p>[\/vc_column_text][\/vc_column][vc_column width=&#8221;1\/3&#8243;][vc_column_text]<\/p>\n<p style=\"text-align: justify;\"><span class=\"text-smaller\" lang=\"EN-US\">Following the merger of V\u012e Valstyb\u0117s turto fondas and V\u012e Turto bankas, the functions of the Governance Coordination Centre were undertaken by the SOE Governance Coordination Division at V\u012e Turto bankas.<\/span><\/p>\n<p>[\/vc_column_text][\/vc_column][vc_column width=&#8221;1\/3&#8243;][\/vc_column][vc_column width=&#8221;1\/6&#8243;][\/vc_column][\/vc_row][vc_row][vc_column width=&#8221;1\/6&#8243;][\/vc_column][vc_column width=&#8221;1\/3&#8243;][\/vc_column][vc_column width=&#8221;1\/3&#8243;][vc_column_text]<\/p>\n<p style=\"text-align: justify;\"><span class=\"text-smaller\" lang=\"EN-US\">Since the Law on the Management, Use and Disposal of State and Municipal Assets was amended, the functions of the state-owned enterprise Governance Coordination Centre have been undertaken by V\u0161\u012e Steb\u0117senos ir prognozi\u0173 agent\u016bra.<\/span><\/p>\n<p>[\/vc_column_text][\/vc_column][vc_column width=&#8221;1\/6&#8243;][vc_empty_space height=&#8221;6px&#8221;][vc_icon icon_fontawesome=&#8221;fa fa-check-square-o&#8221; color=&#8221;peacoc&#8221; align=&#8221;center&#8221;][vc_column_text]<\/p>\n<p style=\"text-align: center;\">July, <span class=\"text-smaller\">2017<\/span><\/p>\n<p>[\/vc_column_text][\/vc_column][\/vc_row][vc_row][vc_column width=&#8221;1\/6&#8243;][vc_empty_space height=&#8221;6px&#8221;][vc_icon icon_fontawesome=&#8221;fa fa-check-square-o&#8221; color=&#8221;peacoc&#8221; align=&#8221;center&#8221;][vc_column_text]<\/p>\n<p style=\"text-align: center;\">November, <span class=\"text-smaller\">2020<\/span><\/p>\n<p>[\/vc_column_text][\/vc_column][vc_column width=&#8221;1\/3&#8243;][vc_column_text]<\/p>\n<p style=\"text-align: justify;\"><span class=\"text-smaller\" lang=\"EN-US\">Finally, since the Law on the Management, Use and Disposal of State and Municipal Assets was amended, the V\u0161\u012e Steb\u0117senos ir prognozi\u0173 agent\u016bra changed name and now is V\u0161\u012e Valdymo koordinavimo centras (Governance Coordination Centre).<\/span><\/p>\n<p>[\/vc_column_text][\/vc_column][vc_column width=&#8221;1\/3&#8243;][\/vc_column][vc_column width=&#8221;1\/6&#8243;][\/vc_column][\/vc_row][vc_row][vc_column][vc_empty_space][vc_text_separator title=&#8221;Outcomes of the reform&#8221;][vc_column_text]<\/p>\n<p style=\"text-align: justify;\"><span lang=\"EN-US\">As shown in the annual <\/span><span lang=\"EN-US\"><a href=\"https:\/\/governance.lt\/wp-content\/uploads\/2018\/09\/VV_Ataskaita_2018_LT_WEB.pdf\">report<\/a><\/span><span lang=\"EN-US\"> on SOE activities 2017, it was a rather successful year for the companies, which lead to the state receiving a EUR 202 million return, which has doubled if compared to 2014. A larger number of companies paid significant amounts in dividends or profit contributions. The previously dominating Lietuvos energija, UAB, Group and AB Klaip\u0117dos nafta this year were joined by the companies operating in the transport and communications sector: EUR 34 million was paid by AB Lietuvos gele\u017einkeliai; after a seven-year break, V\u012e Klaip\u0117dos valstybinio j\u016br\u0173 uosto<br \/>\ndirekcija made a profit contribution with the value exceeding EUR 22 million; V\u012e Keli\u0173 prie\u017ei\u016bra and V\u012e Lietuvos oro uostai had also their profit contributions increase considerably.<\/span><\/p>\n<p style=\"text-align: justify;\"><span lang=\"EN-US\">In 2017 alone, the decisions long-considered unfeasible were passed to merge road maintenance companies and forestry enterprises with their reorganisation completed in November 2017 and January 2018 respectively. The board and supervisory body member selection procedure was further reviewed and a decision was passed to establish that at least half of the elected collegial body members must be independent members. The audits performed by the National Audit Office of Lithuania prompted a review of the expediency of corporate assets as well as the assessment of the relevance of the state enterprise legal form.<\/span><\/p>\n<p>[\/vc_column_text][vc_empty_space][vc_separator][vc_empty_space][vc_column_text]<\/p>\n<h4>Steb\u0117senos ir prognozi\u0173 agent\u016bra<\/h4>\n<p style=\"text-align: justify;\"><span lang=\"EN-US\">Public Enterprise Steb\u0117senos ir prognozi\u0173 agent\u016bra (formerly the Social Policy Group) was set up by the Ministry of Social Security and Labour of the Republic of Lithuania and the United Nations Development Programme Lithuania back in 1996. In 2005, the enterprise\u2019s stakeholder rights were transferred to the Lithuanian Labour Market Training Authority under the Ministry of Social Security and Labour of the Republic of Lithuania, and in 2010, to the Ministry of the Economy and Innovation of the Republic of Lithuania. Since 1 July 2017, V\u0161\u012e Steb\u0117senos ir prognozi\u0173 agent\u016bra, following a resolution of the Government of the Republic of Lithuania, was assigned with the functions of the state-owned enterprise (SOE) governance coordination centre.<\/span><\/p>\n<p>[\/vc_column_text][\/vc_column][\/vc_row]<\/p>\n<\/div>","protected":false},"excerpt":{"rendered":"<p>[vc_row][vc_column][vc_column_text] Governance Coordination Centre The Governance Coordination Centre is the analytical centre founded by the Government, which seeks to ensure consistent and professional governance at state-owned enterprises (SOEs). The functions undertaken by the centre include a wide range of SOE coordination activities: nominating independent board and supervisory board members, overseeing the implementation of strategic plans, [&hellip;]<\/p>\n","protected":false},"author":1,"featured_media":0,"parent":0,"menu_order":0,"comment_status":"closed","ping_status":"closed","template":"page-sidebar.php","meta":{"footnotes":""},"class_list":["post-10360","page","type-page","status-publish","hentry"],"yoast_head":"<!-- This site is optimized with the Yoast SEO plugin v27.4 - https:\/\/yoast.com\/product\/yoast-seo-wordpress\/ -->\n<title>About us - VKC | Valdymo koordinavimo centras<\/title>\n<meta name=\"robots\" content=\"index, follow, max-snippet:-1, max-image-preview:large, max-video-preview:-1\" \/>\n<link rel=\"canonical\" href=\"https:\/\/governance.lt\/en\/apie-mus\/\" \/>\n<meta property=\"og:locale\" content=\"en_US\" \/>\n<meta property=\"og:type\" content=\"article\" \/>\n<meta property=\"og:title\" content=\"About us - VKC | Valdymo koordinavimo centras\" \/>\n<meta property=\"og:description\" content=\"[vc_row][vc_column][vc_column_text] Governance Coordination Centre The Governance Coordination Centre is the analytical centre founded by the Government, which seeks to ensure consistent and professional governance at state-owned enterprises (SOEs). The functions undertaken by the centre include a wide range of SOE coordination activities: nominating independent board and supervisory board members, overseeing the implementation of strategic plans, [&hellip;]\" \/>\n<meta property=\"og:url\" content=\"https:\/\/governance.lt\/en\/apie-mus\/\" \/>\n<meta property=\"og:site_name\" content=\"VKC | Valdymo koordinavimo centras\" \/>\n<meta property=\"article:modified_time\" content=\"2025-09-17T07:53:39+00:00\" \/>\n<meta name=\"twitter:card\" content=\"summary_large_image\" \/>\n<meta name=\"twitter:label1\" content=\"Est. reading time\" \/>\n\t<meta name=\"twitter:data1\" content=\"7 minutes\" \/>\n<script type=\"application\/ld+json\" class=\"yoast-schema-graph\">{\"@context\":\"https:\\\/\\\/schema.org\",\"@graph\":[{\"@type\":\"WebPage\",\"@id\":\"https:\\\/\\\/governance.lt\\\/en\\\/apie-mus\\\/\",\"url\":\"https:\\\/\\\/governance.lt\\\/en\\\/apie-mus\\\/\",\"name\":\"About us - VKC | Valdymo koordinavimo centras\",\"isPartOf\":{\"@id\":\"https:\\\/\\\/governance.lt\\\/#website\"},\"datePublished\":\"2018-05-29T07:15:17+00:00\",\"dateModified\":\"2025-09-17T07:53:39+00:00\",\"breadcrumb\":{\"@id\":\"https:\\\/\\\/governance.lt\\\/en\\\/apie-mus\\\/#breadcrumb\"},\"inLanguage\":\"en-US\",\"potentialAction\":[{\"@type\":\"ReadAction\",\"target\":[\"https:\\\/\\\/governance.lt\\\/en\\\/apie-mus\\\/\"]}]},{\"@type\":\"BreadcrumbList\",\"@id\":\"https:\\\/\\\/governance.lt\\\/en\\\/apie-mus\\\/#breadcrumb\",\"itemListElement\":[{\"@type\":\"ListItem\",\"position\":1,\"name\":\"Home\",\"item\":\"https:\\\/\\\/governance.lt\\\/en\\\/\"},{\"@type\":\"ListItem\",\"position\":2,\"name\":\"About us\"}]},{\"@type\":\"WebSite\",\"@id\":\"https:\\\/\\\/governance.lt\\\/#website\",\"url\":\"https:\\\/\\\/governance.lt\\\/\",\"name\":\"VKC | Valdymo koordinavimo centras\",\"description\":\"Valdymo koordinavimo centras\",\"potentialAction\":[{\"@type\":\"SearchAction\",\"target\":{\"@type\":\"EntryPoint\",\"urlTemplate\":\"https:\\\/\\\/governance.lt\\\/?s={search_term_string}\"},\"query-input\":{\"@type\":\"PropertyValueSpecification\",\"valueRequired\":true,\"valueName\":\"search_term_string\"}}],\"inLanguage\":\"en-US\"}]}<\/script>\n<!-- \/ Yoast SEO plugin. -->","yoast_head_json":{"title":"About us - VKC | Valdymo koordinavimo centras","robots":{"index":"index","follow":"follow","max-snippet":"max-snippet:-1","max-image-preview":"max-image-preview:large","max-video-preview":"max-video-preview:-1"},"canonical":"https:\/\/governance.lt\/en\/apie-mus\/","og_locale":"en_US","og_type":"article","og_title":"About us - VKC | Valdymo koordinavimo centras","og_description":"[vc_row][vc_column][vc_column_text] Governance Coordination Centre The Governance Coordination Centre is the analytical centre founded by the Government, which seeks to ensure consistent and professional governance at state-owned enterprises (SOEs). The functions undertaken by the centre include a wide range of SOE coordination activities: nominating independent board and supervisory board members, overseeing the implementation of strategic plans, [&hellip;]","og_url":"https:\/\/governance.lt\/en\/apie-mus\/","og_site_name":"VKC | Valdymo koordinavimo centras","article_modified_time":"2025-09-17T07:53:39+00:00","twitter_card":"summary_large_image","twitter_misc":{"Est. reading time":"7 minutes"},"schema":{"@context":"https:\/\/schema.org","@graph":[{"@type":"WebPage","@id":"https:\/\/governance.lt\/en\/apie-mus\/","url":"https:\/\/governance.lt\/en\/apie-mus\/","name":"About us - VKC | Valdymo koordinavimo centras","isPartOf":{"@id":"https:\/\/governance.lt\/#website"},"datePublished":"2018-05-29T07:15:17+00:00","dateModified":"2025-09-17T07:53:39+00:00","breadcrumb":{"@id":"https:\/\/governance.lt\/en\/apie-mus\/#breadcrumb"},"inLanguage":"en-US","potentialAction":[{"@type":"ReadAction","target":["https:\/\/governance.lt\/en\/apie-mus\/"]}]},{"@type":"BreadcrumbList","@id":"https:\/\/governance.lt\/en\/apie-mus\/#breadcrumb","itemListElement":[{"@type":"ListItem","position":1,"name":"Home","item":"https:\/\/governance.lt\/en\/"},{"@type":"ListItem","position":2,"name":"About us"}]},{"@type":"WebSite","@id":"https:\/\/governance.lt\/#website","url":"https:\/\/governance.lt\/","name":"VKC | Valdymo koordinavimo centras","description":"Valdymo koordinavimo centras","potentialAction":[{"@type":"SearchAction","target":{"@type":"EntryPoint","urlTemplate":"https:\/\/governance.lt\/?s={search_term_string}"},"query-input":{"@type":"PropertyValueSpecification","valueRequired":true,"valueName":"search_term_string"}}],"inLanguage":"en-US"}]}},"_links":{"self":[{"href":"https:\/\/governance.lt\/en\/wp-json\/wp\/v2\/pages\/10360","targetHints":{"allow":["GET"]}}],"collection":[{"href":"https:\/\/governance.lt\/en\/wp-json\/wp\/v2\/pages"}],"about":[{"href":"https:\/\/governance.lt\/en\/wp-json\/wp\/v2\/types\/page"}],"author":[{"embeddable":true,"href":"https:\/\/governance.lt\/en\/wp-json\/wp\/v2\/users\/1"}],"replies":[{"embeddable":true,"href":"https:\/\/governance.lt\/en\/wp-json\/wp\/v2\/comments?post=10360"}],"version-history":[{"count":11,"href":"https:\/\/governance.lt\/en\/wp-json\/wp\/v2\/pages\/10360\/revisions"}],"predecessor-version":[{"id":23574,"href":"https:\/\/governance.lt\/en\/wp-json\/wp\/v2\/pages\/10360\/revisions\/23574"}],"wp:attachment":[{"href":"https:\/\/governance.lt\/en\/wp-json\/wp\/v2\/media?parent=10360"}],"curies":[{"name":"wp","href":"https:\/\/api.w.org\/{rel}","templated":true}]}}