{"id":10334,"date":"2018-05-29T05:19:41","date_gmt":"2018-05-29T07:19:41","guid":{"rendered":"https:\/\/governance.lt\/kontaktai\/"},"modified":"2025-12-23T10:38:59","modified_gmt":"2025-12-23T07:38:59","slug":"kontaktai","status":"publish","type":"page","link":"https:\/\/governance.lt\/en\/apie-mus\/kontaktai\/","title":{"rendered":"Contacts"},"content":{"rendered":"<div class=\"wpb-content-wrapper\"><p>[vc_row][vc_column width=&#8221;2\/3&#8243;][vc_gmaps link=&#8221;#E-8_JTNDaWZyYW1lJTIwc3JjJTNEJTIyaHR0cHMlM0ElMkYlMkZ3d3cuZ29vZ2xlLmNvbSUyRm1hcHMlMkZlbWJlZCUzRnBiJTNEJTIxMW0xOCUyMTFtMTIlMjExbTMlMjExZDIzMDUuMzM3MDA1Nzc3MTMxJTIxMmQyNS4yNzU2NzAzMDEzNDg0NjIlMjEzZDU0LjcwMzY5Mzc4NjkxNDU1JTIxMm0zJTIxMWYwJTIxMmYwJTIxM2YwJTIxM20yJTIxMWkxMDI0JTIxMmk3NjglMjE0ZjEzLjElMjEzbTMlMjExbTIlMjExczB4NDZkZDk2YWFlOWViZGMwOSUyNTNBMHhkZmRkM2U1ODg0Njg4ZWRhJTIxMnMlMjVDNSUyNUJEYWxnaXJpbyUyNTIwZy4lMjUyMDkyJTI1MkMlMjUyMFZpbG5pdXMlMjUyMDA5MzAwJTIxNWUwJTIxM20yJTIxMXNsdCUyMTJzbHQlMjE0djE2MzA5MzM1MjY1NDclMjE1bTIlMjExc2x0JTIxMnNsdCUyMiUyMHdpZHRoJTNEJTIyNjAwJTIyJTIwaGVpZ2h0JTNEJTIyNDUwJTIyJTIwc3R5bGUlM0QlMjJib3JkZXIlM0EwJTNCJTIyJTIwYWxsb3dmdWxsc2NyZWVuJTNEJTIyJTIyJTIwbG9hZGluZyUzRCUyMmxhenklMjIlM0UlM0MlMkZpZnJhbWUlM0U=&#8221; size=&#8221;&#8221;][\/vc_column][vc_column width=&#8221;1\/3&#8243;][vc_column_text]<\/p>\n<h4>Public institution Governance Coordination Centre<\/h4>\n<p><strong>Correspondence address: \u017dalgirio st. 92 LT-09303, Vilnius<\/strong><\/p>\n<p><strong>Registration address: Gedimino pr. 38 LT-01104, Vilnius<\/strong><\/p>\n<p>Code: 110068011<br \/>\nPhone: +370 620 73679<br \/>\n<a href=\"mailto:info@governance.lt\">info@governance.lt<\/a><br \/>\n<a href=\"https:\/\/governance.lt\/en\/\">governance.lt<\/a>[\/vc_column_text][\/vc_column][\/vc_row][vc_row][vc_column width=&#8221;1\/2&#8243;]<div class=\"contact-item-wrapper\"><div class=\"contact-item-image\"><img itemprop='image' class='download-icon' src='https:\/\/governance.lt\/wp-content\/uploads\/2024\/06\/Jurgita_ft-160x210.jpg' alt='download document' \/><\/div><div class=\"contact-item-text\"><h3>Jurgita Bagdonien\u0117<\/h3><p>L. e. p. Director<\/p><a href=\"tel:+370 616 88496\" class=\"personphone\">+370 616 88496<\/a><a href=\"mailto:jurgita.bagdoniene@governance.lt?subject=&body=\" class=\"personemail\">jurgita.bagdoniene@governance.lt<\/a><div class=\"person-job-list\"><ul>\n<li>General inquiries<\/li>\n<li>Formation of goals in SOEs<\/li>\n<li>Governance issues<\/li>\n<li>Board selection<\/li>\n<\/ul>\n<\/div><\/div><div class=\"clearfix\"><\/div><\/div>[\/vc_column][vc_column width=&#8221;1\/2&#8243;][\/vc_column][\/vc_row][vc_row][vc_column width=&#8221;1\/2&#8243;]<div class=\"contact-item-wrapper\"><div class=\"contact-item-image\"><img itemprop='image' class='download-icon' src='https:\/\/governance.lt\/wp-content\/uploads\/2022\/11\/Ieva_nuotrauka_kontaktai_2022-160x210.jpg' alt='download document' \/><\/div><div class=\"contact-item-text\"><h3>Ieva Mork\u016bn\u0117<\/h3><p>Project manager<\/p><a href=\"tel:+370 611 74118\" class=\"personphone\">+370 611 74118<\/a><a href=\"mailto:ieva.morkune@governance.lt?subject=&body=\" class=\"personemail\">ieva.morkune@governance.lt<\/a><div class=\"person-job-list\"><ul>\n<li>Aggregated reporting for state owned enterprises activities<\/li>\n<li>Letters of expectations for state owned enterprises<\/li>\n<li>Experience-sharing events<\/li>\n<\/ul>\n<\/div><\/div><div class=\"clearfix\"><\/div><\/div>[\/vc_column][vc_column width=&#8221;1\/2&#8243;]<div class=\"contact-item-wrapper\"><div class=\"contact-item-image\"><img itemprop='image' class='download-icon' src='https:\/\/governance.lt\/wp-content\/uploads\/2021\/09\/Jok\u016bbas-N-160x210.jpg' alt='download document' \/><\/div><div class=\"contact-item-text\"><h3>Jok\u016bbas Niedvaras<\/h3><p>Project manager<\/p><a href=\"tel:+370 618 06637\" class=\"personphone\">+370 618 06637<\/a><a href=\"mailto:jokubas.niedvaras@governance.lt?subject=&body=\" class=\"personemail\">jokubas.niedvaras@governance.lt<\/a><div class=\"person-job-list\"><ul>\n<li>Good governance index<\/li>\n<li>Public special obligations<\/li>\n<li>Board selection<\/li>\n<\/ul>\n<\/div><\/div><div class=\"clearfix\"><\/div><\/div>[\/vc_column][\/vc_row][vc_row][vc_column width=&#8221;1\/2&#8243;]<div class=\"contact-item-wrapper\"><div class=\"contact-item-image\"><img itemprop='image' class='download-icon' src='https:\/\/governance.lt\/wp-content\/uploads\/2025\/07\/0U2A0988-1-160x210.jpg' alt='download document' \/><\/div><div class=\"contact-item-text\"><h3>Kipras Stulginskas<\/h3><p>Project manager<\/p><a href=\"tel:+370 673 08164\" class=\"personphone\">+370 673 08164<\/a><a href=\"mailto:kipras.stulginskas@governance.lt?subject=&body=\" class=\"personemail\">kipras.stulginskas@governance.lt<\/a><div class=\"person-job-list\"><ul>\n<li>Establishing special requirements for candidates for KO members<\/li>\n<li>Evaluation of strategic business plans and their implementation<\/li>\n<\/ul>\n<\/div><\/div><div class=\"clearfix\"><\/div><\/div>[\/vc_column][vc_column width=&#8221;1\/2&#8243;]<div class=\"contact-item-wrapper\"><div class=\"contact-item-image\"><img itemprop='image' class='download-icon' src='https:\/\/governance.lt\/wp-content\/uploads\/2025\/07\/0U2A1038-1-160x210.jpg' alt='download document' \/><\/div><div class=\"contact-item-text\"><h3>Matas Sosnovskis<\/h3><p>Project manager<\/p><a href=\"tel:+370 620 84940\" class=\"personphone\">+370 620 84940<\/a><a href=\"mailto:matas.sosnovskis@governance.lt?subject=&body=\" class=\"personemail\">matas.sosnovskis@governance.lt<\/a><div class=\"person-job-list\"><ul>\n<li>Aggregated reporting for municipality-owned enterprises&#8217; activities<\/li>\n<li>Governance issues of municipal enterprises<\/li>\n<\/ul>\n<\/div><\/div><div class=\"clearfix\"><\/div><\/div>[\/vc_column][\/vc_row][vc_row][vc_column width=&#8221;1\/2&#8243;]<div class=\"contact-item-wrapper\"><div class=\"contact-item-image\"><img itemprop='image' class='download-icon' src='https:\/\/governance.lt\/wp-content\/uploads\/2021\/09\/Simonas-N-160x210.jpg' alt='download document' \/><\/div><div class=\"contact-item-text\"><h3>Simonas Nainys<\/h3><p>Analyst<\/p><a href=\"tel:+370 682 76626\" class=\"personphone\">+370 682 76626<\/a><a href=\"mailto:simonas.nainys@governance.lt?subject=&body=\" class=\"personemail\">simonas.nainys@governance.lt<\/a><div class=\"person-job-list\"><ul>\n<li>Website and data system management<\/li>\n<\/ul>\n<\/div><\/div><div class=\"clearfix\"><\/div><\/div>[\/vc_column][vc_column width=&#8221;1\/2&#8243;]<div class=\"contact-item-wrapper\"><div class=\"contact-item-image\"><img itemprop='image' class='download-icon' src='https:\/\/governance.lt\/wp-content\/uploads\/2022\/05\/Siga-160x210.jpg' alt='download document' \/><\/div><div class=\"contact-item-text\"><h3>Siga Vil\u0117<\/h3><p>Analyst<\/p><a href=\"tel:+370 611 65234\" class=\"personphone\">+370 611 65234<\/a><a href=\"mailto:siga.vile@governance.lt?subject=&body=\" class=\"personemail\">siga.vile@governance.lt<\/a><div class=\"person-job-list\"><ul>\n<li>Coordination of information collection<\/li>\n<li>Data management and analysis<\/li>\n<\/ul>\n<\/div><\/div><div class=\"clearfix\"><\/div><\/div>[\/vc_column][\/vc_row][vc_row][vc_column width=&#8221;1\/2&#8243;]<div class=\"contact-item-wrapper\"><div class=\"contact-item-image\"><img itemprop='image' class='download-icon' src='https:\/\/governance.lt\/wp-content\/uploads\/2025\/07\/0U2A1026-1-160x210.jpg' alt='download document' \/><\/div><div class=\"contact-item-text\"><h3>Justas Razauskas<\/h3><p>Analyst<\/p><a href=\"tel:+370 617 08097\" class=\"personphone\">+370 617 08097<\/a><a href=\"mailto:justas.razauskas@governance.lt?subject=&body=\" class=\"personemail\">justas.razauskas@governance.lt<\/a><div class=\"person-job-list\"><ul>\n<li>Coordination of information collection<\/li>\n<li>Data management and analysis<\/li>\n<\/ul>\n<\/div><\/div><div class=\"clearfix\"><\/div><\/div>[\/vc_column][vc_column width=&#8221;1\/2&#8243;]<div class=\"contact-item-wrapper\"><div class=\"contact-item-image\"><img itemprop='image' class='download-icon' src='https:\/\/governance.lt\/wp-content\/uploads\/2025\/11\/ainis2-160x210.jpg' alt='download document' \/><\/div><div class=\"contact-item-text\"><h3>Ainis Kristoforas Ali\u0161auskas<\/h3><p>Analyst<\/p><a href=\"tel:\" class=\"personphone\"><\/a><a href=\"mailto:ainis.alisauskas@governance.lt?subject=&body=\" class=\"personemail\">ainis.alisauskas@governance.lt<\/a><div class=\"person-job-list\"><ul>\n<li>Coordination of information collection<\/li>\n<li>Data management and analysis<\/li>\n<\/ul>\n<\/div><\/div><div class=\"clearfix\"><\/div><\/div>[\/vc_column][\/vc_row][vc_row][vc_column width=&#8221;1\/2&#8243;]<div class=\"contact-item-wrapper\"><div class=\"contact-item-image\"><img itemprop='image' class='download-icon' src='https:\/\/governance.lt\/wp-content\/uploads\/2023\/01\/Dovile_2023-160x210.jpeg' alt='download document' \/><\/div><div class=\"contact-item-text\"><h3>Dovil\u0117 Ju\u0161kevi\u010dien\u0117<\/h3><p>Administrator<\/p><a href=\"tel:+370 620 73679\" class=\"personphone\">+370 620 73679<\/a><a href=\"mailto:dovile.juskeviciene@governance.lt?subject=&body=\" class=\"personemail\">dovile.juskeviciene@governance.lt<\/a><div class=\"person-job-list\"><ul>\n<li>Coordination of information collection<\/li>\n<li>Data management and analysis<\/li>\n<\/ul>\n<\/div><\/div><div class=\"clearfix\"><\/div><\/div>[\/vc_column][vc_column width=&#8221;1\/2&#8243;]<div class=\"contact-item-wrapper\"><div class=\"contact-item-image\"><img itemprop='image' class='download-icon' src='https:\/\/governance.lt\/wp-content\/uploads\/2022\/10\/asta_nuotrauka_2022-160x210.jpg' alt='download document' \/><\/div><div class=\"contact-item-text\"><h3>Asta Driskiuvien\u0117<\/h3><p>Head accountant<\/p><a href=\"tel:+370 652 18103\" class=\"personphone\">+370 652 18103<\/a><a href=\"mailto:asta.driskiuviene@governance.lt?subject=&body=\" class=\"personemail\">asta.driskiuviene@governance.lt<\/a><div class=\"person-job-list\"><ul>\n<li>Accounting<\/li>\n<\/ul>\n<\/div><\/div><div class=\"clearfix\"><\/div><\/div>[\/vc_column][\/vc_row][vc_row][vc_column width=&#8221;1\/2&#8243;][\/vc_column][vc_column width=&#8221;1\/2&#8243;][\/vc_column][\/vc_row][vc_row][vc_column width=&#8221;1\/2&#8243;][\/vc_column][vc_column width=&#8221;1\/2&#8243;][\/vc_column][\/vc_row][vc_row][vc_column][vc_empty_space height=&#8221;64px&#8221;][vc_column_text css=&#8221;&#8221;]There are no commissions or working groups in the institution.<\/p>\n<p><span class=\"text-smaller\">Information updated: 2025-12-08<\/span>[\/vc_column_text][\/vc_column][\/vc_row]<\/p>\n<\/div>","protected":false},"excerpt":{"rendered":"<p>[vc_row][vc_column width=&#8221;2\/3&#8243;][vc_gmaps link=&#8221;#E-8_JTNDaWZyYW1lJTIwc3JjJTNEJTIyaHR0cHMlM0ElMkYlMkZ3d3cuZ29vZ2xlLmNvbSUyRm1hcHMlMkZlbWJlZCUzRnBiJTNEJTIxMW0xOCUyMTFtMTIlMjExbTMlMjExZDIzMDUuMzM3MDA1Nzc3MTMxJTIxMmQyNS4yNzU2NzAzMDEzNDg0NjIlMjEzZDU0LjcwMzY5Mzc4NjkxNDU1JTIxMm0zJTIxMWYwJTIxMmYwJTIxM2YwJTIxM20yJTIxMWkxMDI0JTIxMmk3NjglMjE0ZjEzLjElMjEzbTMlMjExbTIlMjExczB4NDZkZDk2YWFlOWViZGMwOSUyNTNBMHhkZmRkM2U1ODg0Njg4ZWRhJTIxMnMlMjVDNSUyNUJEYWxnaXJpbyUyNTIwZy4lMjUyMDkyJTI1MkMlMjUyMFZpbG5pdXMlMjUyMDA5MzAwJTIxNWUwJTIxM20yJTIxMXNsdCUyMTJzbHQlMjE0djE2MzA5MzM1MjY1NDclMjE1bTIlMjExc2x0JTIxMnNsdCUyMiUyMHdpZHRoJTNEJTIyNjAwJTIyJTIwaGVpZ2h0JTNEJTIyNDUwJTIyJTIwc3R5bGUlM0QlMjJib3JkZXIlM0EwJTNCJTIyJTIwYWxsb3dmdWxsc2NyZWVuJTNEJTIyJTIyJTIwbG9hZGluZyUzRCUyMmxhenklMjIlM0UlM0MlMkZpZnJhbWUlM0U=&#8221; size=&#8221;&#8221;][\/vc_column][vc_column width=&#8221;1\/3&#8243;][vc_column_text] Public institution Governance Coordination Centre Correspondence address: \u017dalgirio st. 92 LT-09303, Vilnius Registration address: Gedimino pr. 38 LT-01104, Vilnius Code: 110068011 Phone: +370 620 73679 info@governance.lt governance.lt[\/vc_column_text][\/vc_column][\/vc_row][vc_row][vc_column width=&#8221;1\/2&#8243;][\/vc_column][vc_column width=&#8221;1\/2&#8243;][\/vc_column][\/vc_row][vc_row][vc_column width=&#8221;1\/2&#8243;][\/vc_column][vc_column width=&#8221;1\/2&#8243;][\/vc_column][\/vc_row][vc_row][vc_column width=&#8221;1\/2&#8243;][\/vc_column][vc_column width=&#8221;1\/2&#8243;][\/vc_column][\/vc_row][vc_row][vc_column width=&#8221;1\/2&#8243;][\/vc_column][vc_column width=&#8221;1\/2&#8243;][\/vc_column][\/vc_row][vc_row][vc_column width=&#8221;1\/2&#8243;][\/vc_column][vc_column width=&#8221;1\/2&#8243;][\/vc_column][\/vc_row][vc_row][vc_column width=&#8221;1\/2&#8243;][\/vc_column][vc_column width=&#8221;1\/2&#8243;][\/vc_column][\/vc_row][vc_row][vc_column width=&#8221;1\/2&#8243;][\/vc_column][vc_column width=&#8221;1\/2&#8243;][\/vc_column][\/vc_row][vc_row][vc_column width=&#8221;1\/2&#8243;][\/vc_column][vc_column width=&#8221;1\/2&#8243;][\/vc_column][\/vc_row][vc_row][vc_column][vc_empty_space height=&#8221;64px&#8221;][vc_column_text css=&#8221;&#8221;]There are no commissions or working [&hellip;]<\/p>\n","protected":false},"author":1,"featured_media":0,"parent":10360,"menu_order":0,"comment_status":"closed","ping_status":"closed","template":"page-sidebar.php","meta":{"footnotes":""},"class_list":["post-10334","page","type-page","status-publish","hentry"],"yoast_head":"<!-- This site is optimized with the Yoast SEO plugin v27.5 - https:\/\/yoast.com\/product\/yoast-seo-wordpress\/ -->\n<title>Contacts - VKC | Valdymo koordinavimo centras<\/title>\n<meta name=\"robots\" content=\"index, follow, max-snippet:-1, max-image-preview:large, max-video-preview:-1\" \/>\n<link rel=\"canonical\" href=\"https:\/\/governance.lt\/en\/apie-mus\/kontaktai\/\" \/>\n<meta property=\"og:locale\" content=\"en_US\" \/>\n<meta property=\"og:type\" content=\"article\" \/>\n<meta property=\"og:title\" content=\"Contacts - VKC | Valdymo koordinavimo centras\" \/>\n<meta property=\"og:description\" content=\"[vc_row][vc_column width=&#8221;2\/3&#8243;][vc_gmaps link=&#8221;#E-8_JTNDaWZyYW1lJTIwc3JjJTNEJTIyaHR0cHMlM0ElMkYlMkZ3d3cuZ29vZ2xlLmNvbSUyRm1hcHMlMkZlbWJlZCUzRnBiJTNEJTIxMW0xOCUyMTFtMTIlMjExbTMlMjExZDIzMDUuMzM3MDA1Nzc3MTMxJTIxMmQyNS4yNzU2NzAzMDEzNDg0NjIlMjEzZDU0LjcwMzY5Mzc4NjkxNDU1JTIxMm0zJTIxMWYwJTIxMmYwJTIxM2YwJTIxM20yJTIxMWkxMDI0JTIxMmk3NjglMjE0ZjEzLjElMjEzbTMlMjExbTIlMjExczB4NDZkZDk2YWFlOWViZGMwOSUyNTNBMHhkZmRkM2U1ODg0Njg4ZWRhJTIxMnMlMjVDNSUyNUJEYWxnaXJpbyUyNTIwZy4lMjUyMDkyJTI1MkMlMjUyMFZpbG5pdXMlMjUyMDA5MzAwJTIxNWUwJTIxM20yJTIxMXNsdCUyMTJzbHQlMjE0djE2MzA5MzM1MjY1NDclMjE1bTIlMjExc2x0JTIxMnNsdCUyMiUyMHdpZHRoJTNEJTIyNjAwJTIyJTIwaGVpZ2h0JTNEJTIyNDUwJTIyJTIwc3R5bGUlM0QlMjJib3JkZXIlM0EwJTNCJTIyJTIwYWxsb3dmdWxsc2NyZWVuJTNEJTIyJTIyJTIwbG9hZGluZyUzRCUyMmxhenklMjIlM0UlM0MlMkZpZnJhbWUlM0U=&#8221; size=&#8221;&#8221;][\/vc_column][vc_column width=&#8221;1\/3&#8243;][vc_column_text] Public institution Governance Coordination Centre Correspondence address: \u017dalgirio st. 92 LT-09303, Vilnius Registration address: Gedimino pr. 38 LT-01104, Vilnius Code: 110068011 Phone: +370 620 73679 info@governance.lt governance.lt[\/vc_column_text][\/vc_column][\/vc_row][vc_row][vc_column width=&#8221;1\/2&#8243;][\/vc_column][vc_column width=&#8221;1\/2&#8243;][\/vc_column][\/vc_row][vc_row][vc_column width=&#8221;1\/2&#8243;][\/vc_column][vc_column width=&#8221;1\/2&#8243;][\/vc_column][\/vc_row][vc_row][vc_column width=&#8221;1\/2&#8243;][\/vc_column][vc_column width=&#8221;1\/2&#8243;][\/vc_column][\/vc_row][vc_row][vc_column width=&#8221;1\/2&#8243;][\/vc_column][vc_column width=&#8221;1\/2&#8243;][\/vc_column][\/vc_row][vc_row][vc_column width=&#8221;1\/2&#8243;][\/vc_column][vc_column width=&#8221;1\/2&#8243;][\/vc_column][\/vc_row][vc_row][vc_column width=&#8221;1\/2&#8243;][\/vc_column][vc_column width=&#8221;1\/2&#8243;][\/vc_column][\/vc_row][vc_row][vc_column width=&#8221;1\/2&#8243;][\/vc_column][vc_column width=&#8221;1\/2&#8243;][\/vc_column][\/vc_row][vc_row][vc_column width=&#8221;1\/2&#8243;][\/vc_column][vc_column width=&#8221;1\/2&#8243;][\/vc_column][\/vc_row][vc_row][vc_column][vc_empty_space height=&#8221;64px&#8221;][vc_column_text css=&#8221;&#8221;]There are no commissions or working [&hellip;]\" \/>\n<meta property=\"og:url\" content=\"https:\/\/governance.lt\/en\/apie-mus\/kontaktai\/\" \/>\n<meta property=\"og:site_name\" content=\"VKC | Valdymo koordinavimo centras\" \/>\n<meta property=\"article:modified_time\" content=\"2025-12-23T07:38:59+00:00\" \/>\n<meta name=\"twitter:card\" content=\"summary_large_image\" \/>\n<meta name=\"twitter:label1\" content=\"Est. reading time\" \/>\n\t<meta name=\"twitter:data1\" content=\"4 minutes\" \/>\n<script type=\"application\/ld+json\" class=\"yoast-schema-graph\">{\"@context\":\"https:\\\/\\\/schema.org\",\"@graph\":[{\"@type\":\"WebPage\",\"@id\":\"https:\\\/\\\/governance.lt\\\/en\\\/apie-mus\\\/kontaktai\\\/\",\"url\":\"https:\\\/\\\/governance.lt\\\/en\\\/apie-mus\\\/kontaktai\\\/\",\"name\":\"Contacts - VKC | Valdymo koordinavimo centras\",\"isPartOf\":{\"@id\":\"https:\\\/\\\/governance.lt\\\/#website\"},\"datePublished\":\"2018-05-29T07:19:41+00:00\",\"dateModified\":\"2025-12-23T07:38:59+00:00\",\"breadcrumb\":{\"@id\":\"https:\\\/\\\/governance.lt\\\/en\\\/apie-mus\\\/kontaktai\\\/#breadcrumb\"},\"inLanguage\":\"en-US\",\"potentialAction\":[{\"@type\":\"ReadAction\",\"target\":[\"https:\\\/\\\/governance.lt\\\/en\\\/apie-mus\\\/kontaktai\\\/\"]}]},{\"@type\":\"BreadcrumbList\",\"@id\":\"https:\\\/\\\/governance.lt\\\/en\\\/apie-mus\\\/kontaktai\\\/#breadcrumb\",\"itemListElement\":[{\"@type\":\"ListItem\",\"position\":1,\"name\":\"Home\",\"item\":\"https:\\\/\\\/governance.lt\\\/en\\\/\"},{\"@type\":\"ListItem\",\"position\":2,\"name\":\"About us\",\"item\":\"https:\\\/\\\/governance.lt\\\/en\\\/apie-mus\\\/\"},{\"@type\":\"ListItem\",\"position\":3,\"name\":\"Contacts\"}]},{\"@type\":\"WebSite\",\"@id\":\"https:\\\/\\\/governance.lt\\\/#website\",\"url\":\"https:\\\/\\\/governance.lt\\\/\",\"name\":\"VKC | Valdymo koordinavimo centras\",\"description\":\"Valdymo koordinavimo centras\",\"potentialAction\":[{\"@type\":\"SearchAction\",\"target\":{\"@type\":\"EntryPoint\",\"urlTemplate\":\"https:\\\/\\\/governance.lt\\\/?s={search_term_string}\"},\"query-input\":{\"@type\":\"PropertyValueSpecification\",\"valueRequired\":true,\"valueName\":\"search_term_string\"}}],\"inLanguage\":\"en-US\"}]}<\/script>\n<!-- \/ Yoast SEO plugin. -->","yoast_head_json":{"title":"Contacts - VKC | Valdymo koordinavimo centras","robots":{"index":"index","follow":"follow","max-snippet":"max-snippet:-1","max-image-preview":"max-image-preview:large","max-video-preview":"max-video-preview:-1"},"canonical":"https:\/\/governance.lt\/en\/apie-mus\/kontaktai\/","og_locale":"en_US","og_type":"article","og_title":"Contacts - VKC | Valdymo koordinavimo centras","og_description":"[vc_row][vc_column width=&#8221;2\/3&#8243;][vc_gmaps link=&#8221;#E-8_JTNDaWZyYW1lJTIwc3JjJTNEJTIyaHR0cHMlM0ElMkYlMkZ3d3cuZ29vZ2xlLmNvbSUyRm1hcHMlMkZlbWJlZCUzRnBiJTNEJTIxMW0xOCUyMTFtMTIlMjExbTMlMjExZDIzMDUuMzM3MDA1Nzc3MTMxJTIxMmQyNS4yNzU2NzAzMDEzNDg0NjIlMjEzZDU0LjcwMzY5Mzc4NjkxNDU1JTIxMm0zJTIxMWYwJTIxMmYwJTIxM2YwJTIxM20yJTIxMWkxMDI0JTIxMmk3NjglMjE0ZjEzLjElMjEzbTMlMjExbTIlMjExczB4NDZkZDk2YWFlOWViZGMwOSUyNTNBMHhkZmRkM2U1ODg0Njg4ZWRhJTIxMnMlMjVDNSUyNUJEYWxnaXJpbyUyNTIwZy4lMjUyMDkyJTI1MkMlMjUyMFZpbG5pdXMlMjUyMDA5MzAwJTIxNWUwJTIxM20yJTIxMXNsdCUyMTJzbHQlMjE0djE2MzA5MzM1MjY1NDclMjE1bTIlMjExc2x0JTIxMnNsdCUyMiUyMHdpZHRoJTNEJTIyNjAwJTIyJTIwaGVpZ2h0JTNEJTIyNDUwJTIyJTIwc3R5bGUlM0QlMjJib3JkZXIlM0EwJTNCJTIyJTIwYWxsb3dmdWxsc2NyZWVuJTNEJTIyJTIyJTIwbG9hZGluZyUzRCUyMmxhenklMjIlM0UlM0MlMkZpZnJhbWUlM0U=&#8221; size=&#8221;&#8221;][\/vc_column][vc_column width=&#8221;1\/3&#8243;][vc_column_text] Public institution Governance Coordination Centre Correspondence address: \u017dalgirio st. 92 LT-09303, Vilnius Registration address: Gedimino pr. 38 LT-01104, Vilnius Code: 110068011 Phone: +370 620 73679 info@governance.lt governance.lt[\/vc_column_text][\/vc_column][\/vc_row][vc_row][vc_column width=&#8221;1\/2&#8243;][\/vc_column][vc_column width=&#8221;1\/2&#8243;][\/vc_column][\/vc_row][vc_row][vc_column width=&#8221;1\/2&#8243;][\/vc_column][vc_column width=&#8221;1\/2&#8243;][\/vc_column][\/vc_row][vc_row][vc_column width=&#8221;1\/2&#8243;][\/vc_column][vc_column width=&#8221;1\/2&#8243;][\/vc_column][\/vc_row][vc_row][vc_column width=&#8221;1\/2&#8243;][\/vc_column][vc_column width=&#8221;1\/2&#8243;][\/vc_column][\/vc_row][vc_row][vc_column width=&#8221;1\/2&#8243;][\/vc_column][vc_column width=&#8221;1\/2&#8243;][\/vc_column][\/vc_row][vc_row][vc_column width=&#8221;1\/2&#8243;][\/vc_column][vc_column width=&#8221;1\/2&#8243;][\/vc_column][\/vc_row][vc_row][vc_column width=&#8221;1\/2&#8243;][\/vc_column][vc_column width=&#8221;1\/2&#8243;][\/vc_column][\/vc_row][vc_row][vc_column width=&#8221;1\/2&#8243;][\/vc_column][vc_column width=&#8221;1\/2&#8243;][\/vc_column][\/vc_row][vc_row][vc_column][vc_empty_space height=&#8221;64px&#8221;][vc_column_text css=&#8221;&#8221;]There are no commissions or working [&hellip;]","og_url":"https:\/\/governance.lt\/en\/apie-mus\/kontaktai\/","og_site_name":"VKC | Valdymo koordinavimo centras","article_modified_time":"2025-12-23T07:38:59+00:00","twitter_card":"summary_large_image","twitter_misc":{"Est. reading time":"4 minutes"},"schema":{"@context":"https:\/\/schema.org","@graph":[{"@type":"WebPage","@id":"https:\/\/governance.lt\/en\/apie-mus\/kontaktai\/","url":"https:\/\/governance.lt\/en\/apie-mus\/kontaktai\/","name":"Contacts - VKC | Valdymo koordinavimo centras","isPartOf":{"@id":"https:\/\/governance.lt\/#website"},"datePublished":"2018-05-29T07:19:41+00:00","dateModified":"2025-12-23T07:38:59+00:00","breadcrumb":{"@id":"https:\/\/governance.lt\/en\/apie-mus\/kontaktai\/#breadcrumb"},"inLanguage":"en-US","potentialAction":[{"@type":"ReadAction","target":["https:\/\/governance.lt\/en\/apie-mus\/kontaktai\/"]}]},{"@type":"BreadcrumbList","@id":"https:\/\/governance.lt\/en\/apie-mus\/kontaktai\/#breadcrumb","itemListElement":[{"@type":"ListItem","position":1,"name":"Home","item":"https:\/\/governance.lt\/en\/"},{"@type":"ListItem","position":2,"name":"About us","item":"https:\/\/governance.lt\/en\/apie-mus\/"},{"@type":"ListItem","position":3,"name":"Contacts"}]},{"@type":"WebSite","@id":"https:\/\/governance.lt\/#website","url":"https:\/\/governance.lt\/","name":"VKC | Valdymo koordinavimo centras","description":"Valdymo koordinavimo centras","potentialAction":[{"@type":"SearchAction","target":{"@type":"EntryPoint","urlTemplate":"https:\/\/governance.lt\/?s={search_term_string}"},"query-input":{"@type":"PropertyValueSpecification","valueRequired":true,"valueName":"search_term_string"}}],"inLanguage":"en-US"}]}},"_links":{"self":[{"href":"https:\/\/governance.lt\/en\/wp-json\/wp\/v2\/pages\/10334","targetHints":{"allow":["GET"]}}],"collection":[{"href":"https:\/\/governance.lt\/en\/wp-json\/wp\/v2\/pages"}],"about":[{"href":"https:\/\/governance.lt\/en\/wp-json\/wp\/v2\/types\/page"}],"author":[{"embeddable":true,"href":"https:\/\/governance.lt\/en\/wp-json\/wp\/v2\/users\/1"}],"replies":[{"embeddable":true,"href":"https:\/\/governance.lt\/en\/wp-json\/wp\/v2\/comments?post=10334"}],"version-history":[{"count":158,"href":"https:\/\/governance.lt\/en\/wp-json\/wp\/v2\/pages\/10334\/revisions"}],"predecessor-version":[{"id":33292,"href":"https:\/\/governance.lt\/en\/wp-json\/wp\/v2\/pages\/10334\/revisions\/33292"}],"up":[{"embeddable":true,"href":"https:\/\/governance.lt\/en\/wp-json\/wp\/v2\/pages\/10360"}],"wp:attachment":[{"href":"https:\/\/governance.lt\/en\/wp-json\/wp\/v2\/media?parent=10334"}],"curies":[{"name":"wp","href":"https:\/\/api.w.org\/{rel}","templated":true}]}}